{"id":350,"date":"2023-09-05T09:15:23","date_gmt":"2023-09-05T12:15:23","guid":{"rendered":"https:\/\/institucionales.fceqyn.unam.edu.ar\/especializacionbioquimicaclinica\/?page_id=350"},"modified":"2023-09-05T09:26:37","modified_gmt":"2023-09-05T12:26:37","slug":"inscripcion","status":"publish","type":"page","link":"https:\/\/institucionales.fceqyn.unam.edu.ar\/especializacionbioquimicaclinica\/inscripcion\/","title":{"rendered":"Inscripci\u00f3n"},"content":{"rendered":"\t\t<div data-elementor-type=\"wp-page\" data-elementor-id=\"350\" class=\"elementor elementor-350\" data-elementor-post-type=\"page\">\n\t\t\t\t<div class=\"elementor-element elementor-element-89f8e08 e-flex e-con-boxed e-con e-parent\" data-id=\"89f8e08\" data-element_type=\"container\">\n\t\t\t\t\t<div class=\"e-con-inner\">\n\t\t\t\t<div class=\"elementor-element elementor-element-a7403db elementor-widget elementor-widget-heading\" data-id=\"a7403db\" data-element_type=\"widget\" data-widget_type=\"heading.default\">\n\t\t\t\t<div class=\"elementor-widget-container\">\n\t\t\t\t\t<h1 class=\"elementor-heading-title elementor-size-default\">Preinscripci\u00f3n<\/h1>\t\t\t\t<\/div>\n\t\t\t\t<\/div>\n\t\t\t\t\t<\/div>\n\t\t\t\t<\/div>\n\t\t<div class=\"elementor-element elementor-element-fe40c26 e-flex e-con-boxed e-con e-parent\" data-id=\"fe40c26\" data-element_type=\"container\">\n\t\t\t\t\t<div class=\"e-con-inner\">\n\t\t\t\t<div class=\"elementor-element elementor-element-39e3369 elementor-widget elementor-widget-spacer\" data-id=\"39e3369\" data-element_type=\"widget\" data-widget_type=\"spacer.default\">\n\t\t\t\t<div class=\"elementor-widget-container\">\n\t\t\t\t\t\t\t<div class=\"elementor-spacer\">\n\t\t\t<div class=\"elementor-spacer-inner\"><\/div>\n\t\t<\/div>\n\t\t\t\t\t\t<\/div>\n\t\t\t\t<\/div>\n\t\t\t\t\t<\/div>\n\t\t\t\t<\/div>\n\t\t<div class=\"elementor-element elementor-element-1eccb36 e-flex e-con-boxed e-con e-parent\" data-id=\"1eccb36\" data-element_type=\"container\">\n\t\t\t\t\t<div class=\"e-con-inner\">\n\t\t\t\t<div class=\"elementor-element elementor-element-8cb2d1d elementor-widget elementor-widget-text-editor\" data-id=\"8cb2d1d\" data-element_type=\"widget\" data-widget_type=\"text-editor.default\">\n\t\t\t\t<div class=\"elementor-widget-container\">\n\t\t\t\t\t\t\t\t\t<p>Las preinscripciones a la carrera estar\u00e1n abiertas hasta el 5 de abril de 2022 para lo cual deber\u00e1 completar el siguiente formulario y enviar a los correos electr\u00f3nicos especialidadendocrino.fceqyn@gmail.com, cristianferri02@gmail.com un CV resumido.<br \/>Una vez enviado el formulario el mismo ser\u00e1 evaluado por el Comit\u00e9 Acad\u00e9mico el cual se comunicar\u00e1 con Ud. al correo electr\u00f3nico indicado en dicho formulario. En caso de ser admitido deber\u00e1 presentar la siguiente documentaci\u00f3n requerida para la Inscripci\u00f3n definitiva a la carrera.<\/p><p>Enlace de Preinscripci\u00f3n:<br \/><a href=\"https:\/\/docs.google.com\/forms\/d\/e\/1FAIpQLSeGkn0mXaJ_P6ZWxPBpnYqF3Up-Nen84VyGaBNYdD23OsSYUw\/viewform\">https:\/\/docs.google.com\/forms\/d\/e\/1FAIpQLSeGkn0mXaJ_P6ZWxPBpnYqF3Up-Nen84VyGaBNYdD23OsSYUw\/viewform<\/a><\/p>\t\t\t\t\t\t\t\t<\/div>\n\t\t\t\t<\/div>\n\t\t\t\t\t<\/div>\n\t\t\t\t<\/div>\n\t\t<div class=\"elementor-element elementor-element-ef1b462 e-flex e-con-boxed e-con e-parent\" data-id=\"ef1b462\" data-element_type=\"container\">\n\t\t\t\t\t<div class=\"e-con-inner\">\n\t\t\t\t<div class=\"elementor-element elementor-element-c43b61d elementor-widget elementor-widget-spacer\" data-id=\"c43b61d\" data-element_type=\"widget\" data-widget_type=\"spacer.default\">\n\t\t\t\t<div class=\"elementor-widget-container\">\n\t\t\t\t\t\t\t<div class=\"elementor-spacer\">\n\t\t\t<div class=\"elementor-spacer-inner\"><\/div>\n\t\t<\/div>\n\t\t\t\t\t\t<\/div>\n\t\t\t\t<\/div>\n\t\t\t\t\t<\/div>\n\t\t\t\t<\/div>\n\t\t<div class=\"elementor-element elementor-element-8af032c e-flex e-con-boxed e-con e-parent\" data-id=\"8af032c\" data-element_type=\"container\">\n\t\t\t\t\t<div class=\"e-con-inner\">\n\t\t\t\t<div class=\"elementor-element elementor-element-f00c616 elementor-widget elementor-widget-heading\" data-id=\"f00c616\" data-element_type=\"widget\" data-widget_type=\"heading.default\">\n\t\t\t\t<div class=\"elementor-widget-container\">\n\t\t\t\t\t<h1 class=\"elementor-heading-title elementor-size-default\">Inscripci\u00f3n Definitiva<\/h1>\t\t\t\t<\/div>\n\t\t\t\t<\/div>\n\t\t\t\t\t<\/div>\n\t\t\t\t<\/div>\n\t\t<div class=\"elementor-element elementor-element-c54021d e-flex e-con-boxed e-con e-parent\" data-id=\"c54021d\" data-element_type=\"container\">\n\t\t\t\t\t<div class=\"e-con-inner\">\n\t\t\t\t<div class=\"elementor-element elementor-element-e9fb889 elementor-widget elementor-widget-spacer\" data-id=\"e9fb889\" data-element_type=\"widget\" data-widget_type=\"spacer.default\">\n\t\t\t\t<div class=\"elementor-widget-container\">\n\t\t\t\t\t\t\t<div class=\"elementor-spacer\">\n\t\t\t<div class=\"elementor-spacer-inner\"><\/div>\n\t\t<\/div>\n\t\t\t\t\t\t<\/div>\n\t\t\t\t<\/div>\n\t\t\t\t\t<\/div>\n\t\t\t\t<\/div>\n\t\t<div class=\"elementor-element elementor-element-0e53d19 e-flex e-con-boxed e-con e-parent\" data-id=\"0e53d19\" data-element_type=\"container\">\n\t\t\t\t\t<div class=\"e-con-inner\">\n\t\t\t\t<div class=\"elementor-element elementor-element-b661e11 elementor-widget elementor-widget-text-editor\" data-id=\"b661e11\" data-element_type=\"widget\" data-widget_type=\"text-editor.default\">\n\t\t\t\t<div class=\"elementor-widget-container\">\n\t\t\t\t\t\t\t\t\t<p>El postulante deber\u00e1 poseer t\u00edtulo de Bioqu\u00edmico, expedido por Universidades Nacionales P\u00fablicas \u00f3 Privadas. Para los graduados de Universidades Extranjeras P\u00fablicas \u00f3 Privadas, reconocidas, se requerir\u00e1 contar con los contenidos equivalentes a las materias de grado, del t\u00edtulo de Bioqu\u00edmico otorgado por el Ministerio de Educaci\u00f3n de la Rep\u00fablica Argentina: Qu\u00edmica Biol\u00f3gica, Bioqu\u00edmica Cl\u00ednica y Pr\u00e1ctica Profesional, que hayan completado, al menos, un plan de estudios de dos mil seiscientas (2.600) horas reloj. Si el Comit\u00e9 Acad\u00e9mico de la Carrera lo considera necesario, requerir\u00e1 el plan de estudios \u00f3 los programas anal\u00edticos de las materias sobre cuya base fue otorgado el t\u00edtulo de grado.<\/p><p>La solicitud de admisi\u00f3n a la Carrera de la Especialidad se har\u00e1 por nota dirigida al Decano y por su intermedio al Director de la Carrera, y dar\u00e1 lugar a la apertura de un expediente en el que se asentar\u00e1n todas las actuaciones a que d\u00e9 lugar la aplicaci\u00f3n del presente Reglamento.<\/p><p style=\"padding-left: 40px;\"><strong>a) <\/strong>La solicitud deber\u00e1 acompa\u00f1arse de:<br \/>Curriculum vitae del postulante.<\/p><p style=\"padding-left: 40px;\"><strong>b) <\/strong>Copia legalizada del t\u00edtulo de grado universitario y la documentaci\u00f3n necesaria que permita dictaminar sobre el nivel y contenidos de la Carrera de grado.<\/p><p style=\"padding-left: 40px;\"><strong>c) <\/strong>Copia legalizada del certificado anal\u00edtico de estudios.<\/p><p>Los aspirantes provenientes de Universidades Extranjeras, deber\u00e1n presentar el plan de estudios anal\u00edtico sobre cuya base fue otorgado el t\u00edtulo. En este caso, la documentaci\u00f3n que acredite el t\u00edtulo de grado universitario deber\u00e1 estar legalizada seg\u00fan la Reglamentaci\u00f3n Oficial vigente para la legalizaci\u00f3n de t\u00edtulos extranjeros.<\/p><p>La admisi\u00f3n de alumnos para el cursado de Carreras de postgrado con t\u00edtulos profesionales otorgados por Universidades Extranjeras no les permite el ejercicio profesional en la Rep\u00fablica Argentina, ni significa rev\u00e1lida autom\u00e1tica de t\u00edtulo previo<\/p><p style=\"padding-left: 40px;\"><strong>d) <\/strong>Fotocopia del D.N.I.<\/p><p style=\"padding-left: 40px;\"><strong>e) <\/strong>Fotos, seg\u00fan los requerimientos.<\/p><p>En el caso que el aspirante no cumpla con las condiciones particulares exigidas, el Comit\u00e9 Acad\u00e9mico de la Especialidad, sobre la base de la normativa vigente, podr\u00e1 requerir que el mismo acredite o realice cursos de formaci\u00f3n complementaria.<\/p><p>La documentaci\u00f3n ser\u00e1 presentada en la Mesa de Entradas de la Facultad de Ciencias Exactas, Qu\u00edmicas y Naturales, y ser\u00e1 analizada por el Comit\u00e9 Acad\u00e9mico, quienes deber\u00e1n expedirse sobre la aceptaci\u00f3n del postulante a la Carrera con dictamen debidamente fundamentado e informar al Director. La Secretar\u00eda de la Carrera notificar\u00e1 fehacientemente la resoluci\u00f3n al postulante, en el domicilio legal constituido, en un plazo no mayor a 10 (diez) d\u00edas h\u00e1biles a partir de dicho dictamen.<\/p><p>La inscripci\u00f3n a la Carrera deber\u00e1 efectuarse en la Direcci\u00f3n de Ense\u00f1anza en Febrero de 2019, siguiendo el mismo circuito administrativo que para los alumnos de grado, en todas las acciones acad\u00e9micas hasta la expedici\u00f3n del t\u00edtulo.<\/p><p>Importante: Para realizar la inscripci\u00f3n definitiva el postulante debe haber sido admitido en su preinscripci\u00f3n por el Comit\u00e9 Acad\u00e9mico de la carrera.<\/p>\t\t\t\t\t\t\t\t<\/div>\n\t\t\t\t<\/div>\n\t\t\t\t\t<\/div>\n\t\t\t\t<\/div>\n\t\t<div class=\"elementor-element elementor-element-1700ced e-flex e-con-boxed e-con e-parent\" data-id=\"1700ced\" data-element_type=\"container\">\n\t\t\t\t\t<div class=\"e-con-inner\">\n\t\t\t\t<div class=\"elementor-element elementor-element-9757753 elementor-widget elementor-widget-spacer\" data-id=\"9757753\" data-element_type=\"widget\" data-widget_type=\"spacer.default\">\n\t\t\t\t<div class=\"elementor-widget-container\">\n\t\t\t\t\t\t\t<div class=\"elementor-spacer\">\n\t\t\t<div class=\"elementor-spacer-inner\"><\/div>\n\t\t<\/div>\n\t\t\t\t\t\t<\/div>\n\t\t\t\t<\/div>\n\t\t\t\t\t<\/div>\n\t\t\t\t<\/div>\n\t\t\t\t<\/div>\n\t\t","protected":false},"excerpt":{"rendered":"<p>Preinscripci\u00f3n Las preinscripciones a la carrera estar\u00e1n abiertas hasta el 5 de abril de 2022 para lo cual deber\u00e1 completar el siguiente formulario y enviar a los correos electr\u00f3nicos especialidadendocrino.fceqyn@gmail.com, cristianferri02@gmail.com un CV resumido.Una vez enviado el formulario el mismo ser\u00e1 evaluado por el Comit\u00e9 Acad\u00e9mico el cual se comunicar\u00e1 con Ud. al correo electr\u00f3nico [&hellip;]<\/p>\n","protected":false},"author":1,"featured_media":0,"parent":0,"menu_order":0,"comment_status":"closed","ping_status":"closed","template":"","meta":{"footnotes":""},"class_list":["post-350","page","type-page","status-publish","hentry"],"_links":{"self":[{"href":"https:\/\/institucionales.fceqyn.unam.edu.ar\/especializacionbioquimicaclinica\/wp-json\/wp\/v2\/pages\/350","targetHints":{"allow":["GET"]}}],"collection":[{"href":"https:\/\/institucionales.fceqyn.unam.edu.ar\/especializacionbioquimicaclinica\/wp-json\/wp\/v2\/pages"}],"about":[{"href":"https:\/\/institucionales.fceqyn.unam.edu.ar\/especializacionbioquimicaclinica\/wp-json\/wp\/v2\/types\/page"}],"author":[{"embeddable":true,"href":"https:\/\/institucionales.fceqyn.unam.edu.ar\/especializacionbioquimicaclinica\/wp-json\/wp\/v2\/users\/1"}],"replies":[{"embeddable":true,"href":"https:\/\/institucionales.fceqyn.unam.edu.ar\/especializacionbioquimicaclinica\/wp-json\/wp\/v2\/comments?post=350"}],"version-history":[{"count":10,"href":"https:\/\/institucionales.fceqyn.unam.edu.ar\/especializacionbioquimicaclinica\/wp-json\/wp\/v2\/pages\/350\/revisions"}],"predecessor-version":[{"id":361,"href":"https:\/\/institucionales.fceqyn.unam.edu.ar\/especializacionbioquimicaclinica\/wp-json\/wp\/v2\/pages\/350\/revisions\/361"}],"wp:attachment":[{"href":"https:\/\/institucionales.fceqyn.unam.edu.ar\/especializacionbioquimicaclinica\/wp-json\/wp\/v2\/media?parent=350"}],"curies":[{"name":"wp","href":"https:\/\/api.w.org\/{rel}","templated":true}]}}