{"id":362,"date":"2023-09-05T09:27:13","date_gmt":"2023-09-05T12:27:13","guid":{"rendered":"https:\/\/institucionales.fceqyn.unam.edu.ar\/especializacionbioquimicaclinica\/?page_id=362"},"modified":"2023-09-05T09:28:26","modified_gmt":"2023-09-05T12:28:26","slug":"cursos-habilitados","status":"publish","type":"page","link":"https:\/\/institucionales.fceqyn.unam.edu.ar\/especializacionbioquimicaclinica\/cursos-habilitados\/","title":{"rendered":"Cursos Habilitados"},"content":{"rendered":"\t\t<div data-elementor-type=\"wp-page\" data-elementor-id=\"362\" class=\"elementor elementor-362\" data-elementor-post-type=\"page\">\n\t\t\t\t<div class=\"elementor-element elementor-element-729f21e e-flex e-con-boxed e-con e-parent\" data-id=\"729f21e\" data-element_type=\"container\">\n\t\t\t\t\t<div class=\"e-con-inner\">\n\t\t\t\t<div class=\"elementor-element elementor-element-6027ff9 elementor-widget elementor-widget-heading\" data-id=\"6027ff9\" data-element_type=\"widget\" data-widget_type=\"heading.default\">\n\t\t\t\t<div class=\"elementor-widget-container\">\n\t\t\t\t\t<h1 class=\"elementor-heading-title elementor-size-default\">Cursos Habilitados<\/h1>\t\t\t\t<\/div>\n\t\t\t\t<\/div>\n\t\t\t\t\t<\/div>\n\t\t\t\t<\/div>\n\t\t<div class=\"elementor-element elementor-element-7363eaa e-flex e-con-boxed e-con e-parent\" data-id=\"7363eaa\" data-element_type=\"container\">\n\t\t\t\t\t<div class=\"e-con-inner\">\n\t\t\t\t<div class=\"elementor-element elementor-element-d716b28 elementor-widget elementor-widget-spacer\" data-id=\"d716b28\" data-element_type=\"widget\" data-widget_type=\"spacer.default\">\n\t\t\t\t<div class=\"elementor-widget-container\">\n\t\t\t\t\t\t\t<div class=\"elementor-spacer\">\n\t\t\t<div class=\"elementor-spacer-inner\"><\/div>\n\t\t<\/div>\n\t\t\t\t\t\t<\/div>\n\t\t\t\t<\/div>\n\t\t\t\t\t<\/div>\n\t\t\t\t<\/div>\n\t\t<div class=\"elementor-element elementor-element-e9d1d91 e-flex e-con-boxed e-con e-parent\" data-id=\"e9d1d91\" data-element_type=\"container\">\n\t\t\t\t\t<div class=\"e-con-inner\">\n\t\t\t\t<div class=\"elementor-element elementor-element-fddb4a5 elementor-widget elementor-widget-text-editor\" data-id=\"fddb4a5\" data-element_type=\"widget\" data-widget_type=\"text-editor.default\">\n\t\t\t\t<div class=\"elementor-widget-container\">\n\t\t\t\t\t\t\t\t\t<p>En esta secci\u00f3n se presentan los Cursos de Posgrado la Especializaci\u00f3n en Bioqu\u00edmica Cl\u00ednica habilitados para su preinscripci\u00f3n. A fin de poder inscribirse a los mismos, deber\u00e1 poseer el t\u00edtulo de BIOQU\u00cdMICO expedido por la Facultad de Ciencias Exactas, Qu\u00edmicas y Naturales de la Universidad Nacional de Misiones. Para los graduados en otras universidades nacionales o extranjeras reconocidas, o aquellos cuyo t\u00edtulo universitario no sea el de Bioqu\u00edmico, este deber\u00e1 corresponder al de una carrera universitaria af\u00edn no menor de cinco (5) a\u00f1os de duraci\u00f3n.<\/p>\t\t\t\t\t\t\t\t<\/div>\n\t\t\t\t<\/div>\n\t\t\t\t\t<\/div>\n\t\t\t\t<\/div>\n\t\t<div class=\"elementor-element elementor-element-2090c62 e-flex e-con-boxed e-con e-parent\" data-id=\"2090c62\" data-element_type=\"container\">\n\t\t\t\t\t<div class=\"e-con-inner\">\n\t\t\t\t<div class=\"elementor-element elementor-element-e10a359 elementor-widget elementor-widget-spacer\" data-id=\"e10a359\" data-element_type=\"widget\" data-widget_type=\"spacer.default\">\n\t\t\t\t<div class=\"elementor-widget-container\">\n\t\t\t\t\t\t\t<div class=\"elementor-spacer\">\n\t\t\t<div class=\"elementor-spacer-inner\"><\/div>\n\t\t<\/div>\n\t\t\t\t\t\t<\/div>\n\t\t\t\t<\/div>\n\t\t\t\t\t<\/div>\n\t\t\t\t<\/div>\n\t\t\t\t<\/div>\n\t\t","protected":false},"excerpt":{"rendered":"<p>Cursos Habilitados En esta secci\u00f3n se presentan los Cursos de Posgrado la Especializaci\u00f3n en Bioqu\u00edmica Cl\u00ednica habilitados para su preinscripci\u00f3n. A fin de poder inscribirse a los mismos, deber\u00e1 poseer el t\u00edtulo de BIOQU\u00cdMICO expedido por la Facultad de Ciencias Exactas, Qu\u00edmicas y Naturales de la Universidad Nacional de Misiones. Para los graduados en otras [&hellip;]<\/p>\n","protected":false},"author":1,"featured_media":0,"parent":0,"menu_order":0,"comment_status":"closed","ping_status":"closed","template":"","meta":{"footnotes":""},"class_list":["post-362","page","type-page","status-publish","hentry"],"_links":{"self":[{"href":"https:\/\/institucionales.fceqyn.unam.edu.ar\/especializacionbioquimicaclinica\/wp-json\/wp\/v2\/pages\/362","targetHints":{"allow":["GET"]}}],"collection":[{"href":"https:\/\/institucionales.fceqyn.unam.edu.ar\/especializacionbioquimicaclinica\/wp-json\/wp\/v2\/pages"}],"about":[{"href":"https:\/\/institucionales.fceqyn.unam.edu.ar\/especializacionbioquimicaclinica\/wp-json\/wp\/v2\/types\/page"}],"author":[{"embeddable":true,"href":"https:\/\/institucionales.fceqyn.unam.edu.ar\/especializacionbioquimicaclinica\/wp-json\/wp\/v2\/users\/1"}],"replies":[{"embeddable":true,"href":"https:\/\/institucionales.fceqyn.unam.edu.ar\/especializacionbioquimicaclinica\/wp-json\/wp\/v2\/comments?post=362"}],"version-history":[{"count":7,"href":"https:\/\/institucionales.fceqyn.unam.edu.ar\/especializacionbioquimicaclinica\/wp-json\/wp\/v2\/pages\/362\/revisions"}],"predecessor-version":[{"id":369,"href":"https:\/\/institucionales.fceqyn.unam.edu.ar\/especializacionbioquimicaclinica\/wp-json\/wp\/v2\/pages\/362\/revisions\/369"}],"wp:attachment":[{"href":"https:\/\/institucionales.fceqyn.unam.edu.ar\/especializacionbioquimicaclinica\/wp-json\/wp\/v2\/media?parent=362"}],"curies":[{"name":"wp","href":"https:\/\/api.w.org\/{rel}","templated":true}]}}