{"id":171,"date":"2023-12-04T14:27:48","date_gmt":"2023-12-04T17:27:48","guid":{"rendered":"https:\/\/institucionales.fceqyn.unam.edu.ar\/gestionambiental\/?page_id=171"},"modified":"2023-12-04T14:33:54","modified_gmt":"2023-12-04T17:33:54","slug":"plan-de-estudios","status":"publish","type":"page","link":"https:\/\/institucionales.fceqyn.unam.edu.ar\/gestionambiental\/plan-de-estudios\/","title":{"rendered":"Plan de Estudios"},"content":{"rendered":"\t\t<div data-elementor-type=\"wp-page\" data-elementor-id=\"171\" class=\"elementor elementor-171\" data-elementor-post-type=\"page\">\n\t\t\t\t<div class=\"elementor-element elementor-element-1dcd3f6 e-con-full e-flex e-con e-parent\" data-id=\"1dcd3f6\" data-element_type=\"container\">\n\t\t\t\t<div class=\"elementor-element elementor-element-b7fe6b2 elementor-widget elementor-widget-embedpress_pdf\" data-id=\"b7fe6b2\" data-element_type=\"widget\" data-widget_type=\"embedpress_pdf.default\">\n\t\t\t\t<div class=\"elementor-widget-container\">\n\t\t\t\t\t    <div class=\"embedpress-document-embed ep-doc-ddb3ef26349970616bd41f6a2d16e204 ose-document emebedpress-unit-percent \" data-thememode=\"default\" data-customcolor=\"#333333\" data-toolbar=\"yes\" data-toolbar-position=\"top\" data-open=\"no\" data-presentation-mode=\"yes\" data-download=\"yes\" data-copy=\"yes\" data-add-image=\"yes\" data-rotate=\"yes\" data-details=\"yes\" data-id=\"embedpress-pdf-b7fe6b2\" data-selection-tool=\"0\" data-scrolling=\"0\" data-spreads=\"-1\" style=\" max-width:100%; display: inline-block\">\n\n        \n                <div >\n\n                    <div id=\"ep-elementor-content-b7fe6b2\" class=\"ep-elementor-content   ep-percentage-width   ep-content-protection-disabled\">\n                        <div id=\"b7fe6b2\" class=\"ep-embed-content-wraper\">\n                            <div><iframe title=\"Contenidos M\u00ednimos Plan de Estudios Maestr\u00eda en Gesti\u00f3n Ambiental\" class=\"embedpress-embed-document-pdf embedpress-pdf-b7fe6b2\" style=\"width: 600%!important;height: 550px;; max-width:100%; display: inline-block\" src=\"https:\/\/institucionales.fceqyn.unam.edu.ar\/gestionambiental\/wp-admin\/admin-ajax.php?action=get_viewer&#038;file=https%3A%2F%2Finstitucionales.fceqyn.unam.edu.ar%2Fgestionambiental%2Fwp-content%2Fuploads%2Fsites%2F7%2F2023%2F12%2FContenidos-Minimos-Plan-de-Estudios-Maestria-en-Gestion-Ambiental.pdf&#038;scrolling=0&#038;selection_tool=0&#038;spreads=-1#key=dGhlbWVNb2RlPWRlZmF1bHQmdG9vbGJhcj10cnVlJnBvc2l0aW9uPXRvcCZwcmVzZW50YXRpb249dHJ1ZSZsYXp5TG9hZD1mYWxzZSZkb3dubG9hZD10cnVlJmNvcHlfdGV4dD10cnVlJmFkZF90ZXh0PXRydWUmZHJhdz10cnVlJmFkZF9pbWFnZT10cnVlJnBkZl9yb3RhdGlvbj10cnVlJnBkZl9kZXRhaWxzPXRydWUmem9vbV9pbj10cnVlJnpvb21fb3V0PXRydWUmZml0X3ZpZXc9dHJ1ZSZib29rbWFyaz10cnVlJnNvdW5kPXRydWUmZmxpcGJvb2tfdG9vbGJhcl9wb3NpdGlvbj1ib3R0b20mc2VsZWN0aW9uX3Rvb2w9MCZzY3JvbGxpbmc9MCZzcHJlYWRzPS0xJmlzX3Byb19hY3RpdmU9MA==&#038;zoom=auto\" class=\"embedpress-embed-document-pdf embedpress-pdf-b7fe6b2\" data-emid=\"embedpress-pdf-b7fe6b2\" data-embed-type=\"PDF\" frameborder=\"0\"><\/iframe><p class=\"embedpress-el-powered\">Powered By EmbedPress<\/p><\/div>                        <\/div>\n\n                    <\/div>\n\n\n                   \n                <\/div>\n            \n    <\/div>\n\n\t\t\t\t<\/div>\n\t\t\t\t<\/div>\n\t\t\t\t<\/div>\n\t\t\t\t<\/div>\n\t\t","protected":false},"excerpt":{"rendered":"<p>Powered By EmbedPress<\/p>\n","protected":false},"author":1,"featured_media":0,"parent":0,"menu_order":0,"comment_status":"closed","ping_status":"closed","template":"","meta":{"footnotes":""},"class_list":["post-171","page","type-page","status-publish","hentry"],"_links":{"self":[{"href":"https:\/\/institucionales.fceqyn.unam.edu.ar\/gestionambiental\/wp-json\/wp\/v2\/pages\/171","targetHints":{"allow":["GET"]}}],"collection":[{"href":"https:\/\/institucionales.fceqyn.unam.edu.ar\/gestionambiental\/wp-json\/wp\/v2\/pages"}],"about":[{"href":"https:\/\/institucionales.fceqyn.unam.edu.ar\/gestionambiental\/wp-json\/wp\/v2\/types\/page"}],"author":[{"embeddable":true,"href":"https:\/\/institucionales.fceqyn.unam.edu.ar\/gestionambiental\/wp-json\/wp\/v2\/users\/1"}],"replies":[{"embeddable":true,"href":"https:\/\/institucionales.fceqyn.unam.edu.ar\/gestionambiental\/wp-json\/wp\/v2\/comments?post=171"}],"version-history":[{"count":4,"href":"https:\/\/institucionales.fceqyn.unam.edu.ar\/gestionambiental\/wp-json\/wp\/v2\/pages\/171\/revisions"}],"predecessor-version":[{"id":177,"href":"https:\/\/institucionales.fceqyn.unam.edu.ar\/gestionambiental\/wp-json\/wp\/v2\/pages\/171\/revisions\/177"}],"wp:attachment":[{"href":"https:\/\/institucionales.fceqyn.unam.edu.ar\/gestionambiental\/wp-json\/wp\/v2\/media?parent=171"}],"curies":[{"name":"wp","href":"https:\/\/api.w.org\/{rel}","templated":true}]}}