{"id":240,"date":"2024-02-06T10:09:23","date_gmt":"2024-02-06T13:09:23","guid":{"rendered":"https:\/\/institucionales.fceqyn.unam.edu.ar\/gestionambiental\/?page_id=240"},"modified":"2024-02-06T10:11:18","modified_gmt":"2024-02-06T13:11:18","slug":"preinscripciones","status":"publish","type":"page","link":"https:\/\/institucionales.fceqyn.unam.edu.ar\/gestionambiental\/preinscripciones\/","title":{"rendered":"Preinscripciones"},"content":{"rendered":"\t\t<div data-elementor-type=\"wp-page\" data-elementor-id=\"240\" class=\"elementor elementor-240\" data-elementor-post-type=\"page\">\n\t\t\t\t<div class=\"elementor-element elementor-element-fe0da67 e-flex e-con-boxed e-con e-parent\" data-id=\"fe0da67\" data-element_type=\"container\">\n\t\t\t\t\t<div class=\"e-con-inner\">\n\t\t\t\t<div class=\"elementor-element elementor-element-1f4a683 elementor-widget elementor-widget-spacer\" data-id=\"1f4a683\" data-element_type=\"widget\" data-widget_type=\"spacer.default\">\n\t\t\t\t<div class=\"elementor-widget-container\">\n\t\t\t\t\t\t\t<div class=\"elementor-spacer\">\n\t\t\t<div class=\"elementor-spacer-inner\"><\/div>\n\t\t<\/div>\n\t\t\t\t\t\t<\/div>\n\t\t\t\t<\/div>\n\t\t\t\t\t<\/div>\n\t\t\t\t<\/div>\n\t\t<div class=\"elementor-element elementor-element-777e063 e-flex e-con-boxed e-con e-parent\" data-id=\"777e063\" data-element_type=\"container\">\n\t\t\t\t\t<div class=\"e-con-inner\">\n\t\t\t\t<div class=\"elementor-element elementor-element-d346240 elementor-widget elementor-widget-text-editor\" data-id=\"d346240\" data-element_type=\"widget\" data-widget_type=\"text-editor.default\">\n\t\t\t\t<div class=\"elementor-widget-container\">\n\t\t\t\t\t\t\t\t\t<p>La preinscripci\u00f3n c\u00f3mo alumno regular se encuentra cerrada.<\/p><p>Sin embargo, los interesados pueden tomar los cursos individuales c\u00f3mo alumnos extracurriculares, ver <a href=\"\/gestionambiental\/wp-content\/uploads\/sites\/7\/2023\/12\/CRONOGRAMA_Febrero-Marzo_2024.doc.pdf\" target=\"_blank\" rel=\"noopener\">Cronograma<\/a>.<\/p>\t\t\t\t\t\t\t\t<\/div>\n\t\t\t\t<\/div>\n\t\t\t\t\t<\/div>\n\t\t\t\t<\/div>\n\t\t\t\t<\/div>\n\t\t","protected":false},"excerpt":{"rendered":"<p>La preinscripci\u00f3n c\u00f3mo alumno regular se encuentra cerrada. Sin embargo, los interesados pueden tomar los cursos individuales c\u00f3mo alumnos extracurriculares, ver Cronograma.<\/p>\n","protected":false},"author":1,"featured_media":0,"parent":0,"menu_order":0,"comment_status":"closed","ping_status":"closed","template":"","meta":{"footnotes":""},"class_list":["post-240","page","type-page","status-publish","hentry"],"_links":{"self":[{"href":"https:\/\/institucionales.fceqyn.unam.edu.ar\/gestionambiental\/wp-json\/wp\/v2\/pages\/240","targetHints":{"allow":["GET"]}}],"collection":[{"href":"https:\/\/institucionales.fceqyn.unam.edu.ar\/gestionambiental\/wp-json\/wp\/v2\/pages"}],"about":[{"href":"https:\/\/institucionales.fceqyn.unam.edu.ar\/gestionambiental\/wp-json\/wp\/v2\/types\/page"}],"author":[{"embeddable":true,"href":"https:\/\/institucionales.fceqyn.unam.edu.ar\/gestionambiental\/wp-json\/wp\/v2\/users\/1"}],"replies":[{"embeddable":true,"href":"https:\/\/institucionales.fceqyn.unam.edu.ar\/gestionambiental\/wp-json\/wp\/v2\/comments?post=240"}],"version-history":[{"count":10,"href":"https:\/\/institucionales.fceqyn.unam.edu.ar\/gestionambiental\/wp-json\/wp\/v2\/pages\/240\/revisions"}],"predecessor-version":[{"id":250,"href":"https:\/\/institucionales.fceqyn.unam.edu.ar\/gestionambiental\/wp-json\/wp\/v2\/pages\/240\/revisions\/250"}],"wp:attachment":[{"href":"https:\/\/institucionales.fceqyn.unam.edu.ar\/gestionambiental\/wp-json\/wp\/v2\/media?parent=240"}],"curies":[{"name":"wp","href":"https:\/\/api.w.org\/{rel}","templated":true}]}}