{"id":40,"date":"2023-10-30T12:30:28","date_gmt":"2023-10-30T15:30:28","guid":{"rendered":"https:\/\/institucionales.fceqyn.unam.edu.ar\/gestionambiental\/?page_id=40"},"modified":"2024-02-07T12:10:57","modified_gmt":"2024-02-07T15:10:57","slug":"maestria-en-gestion-ambiental","status":"publish","type":"page","link":"https:\/\/institucionales.fceqyn.unam.edu.ar\/gestionambiental\/","title":{"rendered":"Maestr\u00eda en Gesti\u00f3n Ambiental"},"content":{"rendered":"\t\t<div data-elementor-type=\"wp-page\" data-elementor-id=\"40\" class=\"elementor elementor-40\" data-elementor-post-type=\"page\">\n\t\t\t\t\t\t<section class=\"elementor-section elementor-top-section elementor-element elementor-element-c370254 elementor-section-boxed elementor-section-height-default elementor-section-height-default\" data-id=\"c370254\" data-element_type=\"section\">\n\t\t\t\t\t\t<div class=\"elementor-container elementor-column-gap-default\">\n\t\t\t\t\t<div class=\"elementor-column elementor-col-100 elementor-top-column elementor-element elementor-element-3f32432\" data-id=\"3f32432\" data-element_type=\"column\">\n\t\t\t<div class=\"elementor-widget-wrap elementor-element-populated\">\n\t\t\t\t\t\t<div class=\"elementor-element elementor-element-2b558f8 elementor-widget elementor-widget-text-editor\" data-id=\"2b558f8\" data-element_type=\"widget\" data-widget_type=\"text-editor.default\">\n\t\t\t\t<div class=\"elementor-widget-container\">\n\t\t\t\t\t\t\t\t\t<p>La Maestr\u00eda en Gesti\u00f3n Ambiental fue concebida con el prop\u00f3sito de proporcionar una formaci\u00f3n de alto nivel en la gesti\u00f3n ambiental y los procesos para el desarrollo sostenible, profundizando la ense\u00f1anza en el desarrollo te\u00f3rico, tecnol\u00f3gico y profesional, para la investigaci\u00f3n cient\u00edfica y b\u00fasqueda de soluciones a los problemas que genera el desequilibrio del ecosistema de la regi\u00f3n, ampliando as\u00ed el estado del conocimiento en las \u00e1reas interdisciplinarias que involucran los estudios ambientales.<\/p>\t\t\t\t\t\t\t\t<\/div>\n\t\t\t\t<\/div>\n\t\t\t\t\t<\/div>\n\t\t<\/div>\n\t\t\t\t\t<\/div>\n\t\t<\/section>\n\t\t<div class=\"elementor-element elementor-element-8167ddc e-flex e-con-boxed e-con e-parent\" data-id=\"8167ddc\" data-element_type=\"container\">\n\t\t\t\t\t<div class=\"e-con-inner\">\n\t\t\t\t<div class=\"elementor-element elementor-element-11baa98 elementor-widget elementor-widget-text-editor\" data-id=\"11baa98\" data-element_type=\"widget\" data-widget_type=\"text-editor.default\">\n\t\t\t\t<div class=\"elementor-widget-container\">\n\t\t\t\t\t\t\t\t\t<p>La Maestr\u00eda fue aprobada por el Consejo Superior de la Universidad Nacional de Misiones el d\u00eda 20 de Octubre del 2008 (Resoluci\u00f3n CS N\u00ba 064-08) y modificada posteriormente mediante Resoluciones CD N\u00ba 076-10 y CS N\u00ba 035\/10.<\/p>\t\t\t\t\t\t\t\t<\/div>\n\t\t\t\t<\/div>\n\t\t\t\t\t<\/div>\n\t\t\t\t<\/div>\n\t\t<div class=\"elementor-element elementor-element-0a4b47d e-flex e-con-boxed e-con e-parent\" data-id=\"0a4b47d\" data-element_type=\"container\">\n\t\t\t\t\t<div class=\"e-con-inner\">\n\t\t\t\t<div class=\"elementor-element elementor-element-44fdbe8 elementor-widget elementor-widget-text-editor\" data-id=\"44fdbe8\" data-element_type=\"widget\" data-widget_type=\"text-editor.default\">\n\t\t\t\t<div class=\"elementor-widget-container\">\n\t\t\t\t\t\t\t\t\t<p>Comenz\u00f3 a dictarse luego del reconocimiento oficial provisorio del t\u00edtulo otorgado por la CONEAU y por el Ministerio de Educaci\u00f3n en 2011.<\/p>\t\t\t\t\t\t\t\t<\/div>\n\t\t\t\t<\/div>\n\t\t\t\t\t<\/div>\n\t\t\t\t<\/div>\n\t\t<div class=\"elementor-element elementor-element-85b5463 e-flex e-con-boxed e-con e-parent\" data-id=\"85b5463\" data-element_type=\"container\">\n\t\t\t\t\t<div class=\"e-con-inner\">\n\t\t\t\t<div class=\"elementor-element elementor-element-6e249d5 elementor-widget elementor-widget-text-editor\" data-id=\"6e249d5\" data-element_type=\"widget\" data-widget_type=\"text-editor.default\">\n\t\t\t\t<div class=\"elementor-widget-container\">\n\t\t\t\t\t\t\t\t\t<p>En agosto 2016 se acredit\u00f3 la carrera por seis a\u00f1os seg\u00fan Res. CONEAU N\u00ba638\/16, y en mayo 2018 el Ministerio de Educaci\u00f3n otorga reconocimiento oficial y consecuente validez nacional al t\u00edtulo de posgrado MAGISTER EN GESTI\u00d3N AMBIENTAL a trav\u00e9s de la Res. N\u00ba 1308\/18.<\/p>\t\t\t\t\t\t\t\t<\/div>\n\t\t\t\t<\/div>\n\t\t\t\t\t<\/div>\n\t\t\t\t<\/div>\n\t\t\t\t<\/div>\n\t\t","protected":false},"excerpt":{"rendered":"<p>La Maestr\u00eda en Gesti\u00f3n Ambiental fue concebida con el prop\u00f3sito de proporcionar una formaci\u00f3n de alto nivel en la gesti\u00f3n ambiental y los procesos para el desarrollo sostenible, profundizando la ense\u00f1anza en el desarrollo te\u00f3rico, tecnol\u00f3gico y profesional, para la investigaci\u00f3n cient\u00edfica y b\u00fasqueda de soluciones a los problemas que genera el desequilibrio del ecosistema [&hellip;]<\/p>\n","protected":false},"author":1,"featured_media":0,"parent":0,"menu_order":0,"comment_status":"closed","ping_status":"closed","template":"","meta":{"footnotes":""},"class_list":["post-40","page","type-page","status-publish","hentry"],"_links":{"self":[{"href":"https:\/\/institucionales.fceqyn.unam.edu.ar\/gestionambiental\/wp-json\/wp\/v2\/pages\/40","targetHints":{"allow":["GET"]}}],"collection":[{"href":"https:\/\/institucionales.fceqyn.unam.edu.ar\/gestionambiental\/wp-json\/wp\/v2\/pages"}],"about":[{"href":"https:\/\/institucionales.fceqyn.unam.edu.ar\/gestionambiental\/wp-json\/wp\/v2\/types\/page"}],"author":[{"embeddable":true,"href":"https:\/\/institucionales.fceqyn.unam.edu.ar\/gestionambiental\/wp-json\/wp\/v2\/users\/1"}],"replies":[{"embeddable":true,"href":"https:\/\/institucionales.fceqyn.unam.edu.ar\/gestionambiental\/wp-json\/wp\/v2\/comments?post=40"}],"version-history":[{"count":13,"href":"https:\/\/institucionales.fceqyn.unam.edu.ar\/gestionambiental\/wp-json\/wp\/v2\/pages\/40\/revisions"}],"predecessor-version":[{"id":257,"href":"https:\/\/institucionales.fceqyn.unam.edu.ar\/gestionambiental\/wp-json\/wp\/v2\/pages\/40\/revisions\/257"}],"wp:attachment":[{"href":"https:\/\/institucionales.fceqyn.unam.edu.ar\/gestionambiental\/wp-json\/wp\/v2\/media?parent=40"}],"curies":[{"name":"wp","href":"https:\/\/api.w.org\/{rel}","templated":true}]}}