{"id":94,"date":"2023-11-24T12:22:55","date_gmt":"2023-11-24T15:22:55","guid":{"rendered":"https:\/\/institucionales.fceqyn.unam.edu.ar\/gestionambiental\/?page_id=94"},"modified":"2024-02-07T12:29:01","modified_gmt":"2024-02-07T15:29:01","slug":"normativas","status":"publish","type":"page","link":"https:\/\/institucionales.fceqyn.unam.edu.ar\/gestionambiental\/normativas\/","title":{"rendered":"Normativas"},"content":{"rendered":"\t\t<div data-elementor-type=\"wp-page\" data-elementor-id=\"94\" class=\"elementor elementor-94\" data-elementor-post-type=\"page\">\n\t\t\t\t<div class=\"elementor-element elementor-element-f7168cc e-flex e-con-boxed e-con e-parent\" data-id=\"f7168cc\" data-element_type=\"container\">\n\t\t\t\t\t<div class=\"e-con-inner\">\n\t\t\t\t<div class=\"elementor-element elementor-element-220f3d7 elementor-widget elementor-widget-text-editor\" data-id=\"220f3d7\" data-element_type=\"widget\" data-widget_type=\"text-editor.default\">\n\t\t\t\t<div class=\"elementor-widget-container\">\n\t\t\t\t\t\t\t\t\t<p>En esta secci\u00f3n vas a poder descargar toda la documentaci\u00f3n referida a la Mestr\u00eda en Gesti\u00f3n Ambiental<\/p>\t\t\t\t\t\t\t\t<\/div>\n\t\t\t\t<\/div>\n\t\t\t\t\t<\/div>\n\t\t\t\t<\/div>\n\t\t<div class=\"elementor-element elementor-element-67b4890 e-flex e-con-boxed e-con e-parent\" data-id=\"67b4890\" data-element_type=\"container\">\n\t\t\t\t\t<div class=\"e-con-inner\">\n\t\t<div class=\"elementor-element elementor-element-1573eba e-con-full e-flex e-con e-child\" data-id=\"1573eba\" data-element_type=\"container\">\n\t\t\t\t<div class=\"elementor-element elementor-element-3f3ae29 elementor-widget elementor-widget-heading\" data-id=\"3f3ae29\" data-element_type=\"widget\" data-widget_type=\"heading.default\">\n\t\t\t\t<div class=\"elementor-widget-container\">\n\t\t\t\t\t<h2 class=\"elementor-heading-title elementor-size-default\">Resoluci\u00f3n Ministerial<\/h2>\t\t\t\t<\/div>\n\t\t\t\t<\/div>\n\t\t\t\t<div class=\"elementor-element elementor-element-be92999 elementor-widget elementor-widget-button\" data-id=\"be92999\" data-element_type=\"widget\" data-widget_type=\"button.default\">\n\t\t\t\t<div class=\"elementor-widget-container\">\n\t\t\t\t\t\t\t\t\t<div class=\"elementor-button-wrapper\">\n\t\t\t\t\t<a class=\"elementor-button elementor-button-link elementor-size-sm\" href=\"https:\/\/institucionales.fceqyn.unam.edu.ar\/gestionambiental\/wp-content\/uploads\/sites\/7\/2023\/11\/Res-Ministerial-1308-18.pdf\" target=\"_blank\">\n\t\t\t\t\t\t<span class=\"elementor-button-content-wrapper\">\n\t\t\t\t\t\t\t\t\t<span class=\"elementor-button-text\">Descargar<\/span>\n\t\t\t\t\t<\/span>\n\t\t\t\t\t<\/a>\n\t\t\t\t<\/div>\n\t\t\t\t\t\t\t\t<\/div>\n\t\t\t\t<\/div>\n\t\t\t\t<\/div>\n\t\t<div class=\"elementor-element elementor-element-2eefb71 e-con-full e-flex e-con e-child\" data-id=\"2eefb71\" data-element_type=\"container\">\n\t\t\t\t<div class=\"elementor-element elementor-element-31707e5 elementor-widget elementor-widget-heading\" data-id=\"31707e5\" data-element_type=\"widget\" data-widget_type=\"heading.default\">\n\t\t\t\t<div class=\"elementor-widget-container\">\n\t\t\t\t\t<h2 class=\"elementor-heading-title elementor-size-default\">Acreditaci\u00f3n CONEAU<\/h2>\t\t\t\t<\/div>\n\t\t\t\t<\/div>\n\t\t\t\t<div class=\"elementor-element elementor-element-a2c0d8a elementor-widget elementor-widget-button\" data-id=\"a2c0d8a\" data-element_type=\"widget\" data-widget_type=\"button.default\">\n\t\t\t\t<div class=\"elementor-widget-container\">\n\t\t\t\t\t\t\t\t\t<div class=\"elementor-button-wrapper\">\n\t\t\t\t\t<a class=\"elementor-button elementor-button-link elementor-size-sm\" href=\"\/gestionambiental\/wp-content\/uploads\/sites\/7\/2023\/11\/Acreditacion-CONEAU-Res-638-16.pdf\" target=\"_blank\">\n\t\t\t\t\t\t<span class=\"elementor-button-content-wrapper\">\n\t\t\t\t\t\t\t\t\t<span class=\"elementor-button-text\">Descargar<\/span>\n\t\t\t\t\t<\/span>\n\t\t\t\t\t<\/a>\n\t\t\t\t<\/div>\n\t\t\t\t\t\t\t\t<\/div>\n\t\t\t\t<\/div>\n\t\t\t\t<\/div>\n\t\t<div class=\"elementor-element elementor-element-0284f14 e-con-full e-flex e-con e-child\" data-id=\"0284f14\" data-element_type=\"container\">\n\t\t\t\t<div class=\"elementor-element elementor-element-e397b91 elementor-widget elementor-widget-heading\" data-id=\"e397b91\" data-element_type=\"widget\" data-widget_type=\"heading.default\">\n\t\t\t\t<div class=\"elementor-widget-container\">\n\t\t\t\t\t<h2 class=\"elementor-heading-title elementor-size-default\">Reglamento de Posgrado de la UNaM<\/h2>\t\t\t\t<\/div>\n\t\t\t\t<\/div>\n\t\t\t\t<div class=\"elementor-element elementor-element-4e39304 elementor-widget elementor-widget-button\" data-id=\"4e39304\" data-element_type=\"widget\" data-widget_type=\"button.default\">\n\t\t\t\t<div class=\"elementor-widget-container\">\n\t\t\t\t\t\t\t\t\t<div class=\"elementor-button-wrapper\">\n\t\t\t\t\t<a class=\"elementor-button elementor-button-link elementor-size-sm\" href=\"\/gestionambiental\/wp-content\/uploads\/sites\/7\/2023\/11\/Reglamento_Posgrado_UNAM_049_18.pdf\" target=\"_blank\">\n\t\t\t\t\t\t<span class=\"elementor-button-content-wrapper\">\n\t\t\t\t\t\t\t\t\t<span class=\"elementor-button-text\">Descargar<\/span>\n\t\t\t\t\t<\/span>\n\t\t\t\t\t<\/a>\n\t\t\t\t<\/div>\n\t\t\t\t\t\t\t\t<\/div>\n\t\t\t\t<\/div>\n\t\t\t\t<\/div>\n\t\t<div class=\"elementor-element elementor-element-40b0619 e-con-full e-flex e-con e-child\" data-id=\"40b0619\" data-element_type=\"container\">\n\t\t\t\t<div class=\"elementor-element elementor-element-167d32e elementor-widget elementor-widget-heading\" data-id=\"167d32e\" data-element_type=\"widget\" data-widget_type=\"heading.default\">\n\t\t\t\t<div class=\"elementor-widget-container\">\n\t\t\t\t\t<h2 class=\"elementor-heading-title elementor-size-default\">Reglamento de Trabajo de Tesis<\/h2>\t\t\t\t<\/div>\n\t\t\t\t<\/div>\n\t\t\t\t<div class=\"elementor-element elementor-element-0eaaa45 elementor-widget elementor-widget-button\" data-id=\"0eaaa45\" data-element_type=\"widget\" data-widget_type=\"button.default\">\n\t\t\t\t<div class=\"elementor-widget-container\">\n\t\t\t\t\t\t\t\t\t<div class=\"elementor-button-wrapper\">\n\t\t\t\t\t<a class=\"elementor-button elementor-button-link elementor-size-sm\" href=\"\/gestionambiental\/wp-content\/uploads\/sites\/7\/2023\/11\/Reglamento-Trabajo-de-Tesis.pdf\" target=\"_blank\">\n\t\t\t\t\t\t<span class=\"elementor-button-content-wrapper\">\n\t\t\t\t\t\t\t\t\t<span class=\"elementor-button-text\">Descargar<\/span>\n\t\t\t\t\t<\/span>\n\t\t\t\t\t<\/a>\n\t\t\t\t<\/div>\n\t\t\t\t\t\t\t\t<\/div>\n\t\t\t\t<\/div>\n\t\t\t\t<\/div>\n\t\t\t\t\t<\/div>\n\t\t\t\t<\/div>\n\t\t<div class=\"elementor-element elementor-element-c63614e e-flex e-con-boxed e-con e-parent\" data-id=\"c63614e\" data-element_type=\"container\">\n\t\t\t\t\t<div class=\"e-con-inner\">\n\t\t<div class=\"elementor-element elementor-element-0f0c5f6 e-con-full e-flex e-con e-child\" data-id=\"0f0c5f6\" data-element_type=\"container\">\n\t\t\t\t<div class=\"elementor-element elementor-element-579e94d elementor-widget elementor-widget-heading\" data-id=\"579e94d\" data-element_type=\"widget\" data-widget_type=\"heading.default\">\n\t\t\t\t<div class=\"elementor-widget-container\">\n\t\t\t\t\t<h2 class=\"elementor-heading-title elementor-size-default\">Norma para la acreditaci\u00f3n de Trabajo de Investigaci\u00f3n<\/h2>\t\t\t\t<\/div>\n\t\t\t\t<\/div>\n\t\t\t\t<div class=\"elementor-element elementor-element-7016c65 elementor-widget elementor-widget-button\" data-id=\"7016c65\" data-element_type=\"widget\" data-widget_type=\"button.default\">\n\t\t\t\t<div class=\"elementor-widget-container\">\n\t\t\t\t\t\t\t\t\t<div class=\"elementor-button-wrapper\">\n\t\t\t\t\t<a class=\"elementor-button elementor-button-link elementor-size-sm\" href=\"\/gestionambiental\/wp-content\/uploads\/sites\/7\/2023\/11\/Norma-para-la-acreditacion-de-Trabajo-de-Investigacion.pdf\" target=\"_blank\">\n\t\t\t\t\t\t<span class=\"elementor-button-content-wrapper\">\n\t\t\t\t\t\t\t\t\t<span class=\"elementor-button-text\">Descargar<\/span>\n\t\t\t\t\t<\/span>\n\t\t\t\t\t<\/a>\n\t\t\t\t<\/div>\n\t\t\t\t\t\t\t\t<\/div>\n\t\t\t\t<\/div>\n\t\t\t\t<\/div>\n\t\t<div class=\"elementor-element elementor-element-f46300c e-con-full e-flex e-con e-child\" data-id=\"f46300c\" data-element_type=\"container\">\n\t\t\t\t<div class=\"elementor-element elementor-element-4762749 elementor-widget elementor-widget-heading\" data-id=\"4762749\" data-element_type=\"widget\" data-widget_type=\"heading.default\">\n\t\t\t\t<div class=\"elementor-widget-container\">\n\t\t\t\t\t<h2 class=\"elementor-heading-title elementor-size-default\">Gu\u00eda para la redacci\u00f3n de la Tesis MGA<\/h2>\t\t\t\t<\/div>\n\t\t\t\t<\/div>\n\t\t\t\t<div class=\"elementor-element elementor-element-7bf6261 elementor-widget elementor-widget-button\" data-id=\"7bf6261\" data-element_type=\"widget\" data-widget_type=\"button.default\">\n\t\t\t\t<div class=\"elementor-widget-container\">\n\t\t\t\t\t\t\t\t\t<div class=\"elementor-button-wrapper\">\n\t\t\t\t\t<a class=\"elementor-button elementor-button-link elementor-size-sm\" href=\"\/gestionambiental\/wp-content\/uploads\/sites\/7\/2023\/11\/Guia-para-la-redaccion-de-la-TESIS-MGA.pdf\" target=\"_blank\">\n\t\t\t\t\t\t<span class=\"elementor-button-content-wrapper\">\n\t\t\t\t\t\t\t\t\t<span class=\"elementor-button-text\">Descargar<\/span>\n\t\t\t\t\t<\/span>\n\t\t\t\t\t<\/a>\n\t\t\t\t<\/div>\n\t\t\t\t\t\t\t\t<\/div>\n\t\t\t\t<\/div>\n\t\t\t\t<\/div>\n\t\t<div class=\"elementor-element elementor-element-97d339a e-con-full e-flex e-con e-child\" data-id=\"97d339a\" data-element_type=\"container\">\n\t\t\t\t<div class=\"elementor-element elementor-element-1fd0371 elementor-widget elementor-widget-heading\" data-id=\"1fd0371\" data-element_type=\"widget\" data-widget_type=\"heading.default\">\n\t\t\t\t<div class=\"elementor-widget-container\">\n\t\t\t\t\t<h2 class=\"elementor-heading-title elementor-size-default\">Formato de Proyecto de Trabajo de Tesis<\/h2>\t\t\t\t<\/div>\n\t\t\t\t<\/div>\n\t\t\t\t<div class=\"elementor-element elementor-element-ca47997 elementor-widget elementor-widget-button\" data-id=\"ca47997\" data-element_type=\"widget\" data-widget_type=\"button.default\">\n\t\t\t\t<div class=\"elementor-widget-container\">\n\t\t\t\t\t\t\t\t\t<div class=\"elementor-button-wrapper\">\n\t\t\t\t\t<a class=\"elementor-button elementor-button-link elementor-size-sm\" href=\"\/gestionambiental\/wp-content\/uploads\/sites\/7\/2023\/11\/Formato-de-proyecto-de-trabajo-de-tesis.pdf\" target=\"_blank\">\n\t\t\t\t\t\t<span class=\"elementor-button-content-wrapper\">\n\t\t\t\t\t\t\t\t\t<span class=\"elementor-button-text\">Descargar<\/span>\n\t\t\t\t\t<\/span>\n\t\t\t\t\t<\/a>\n\t\t\t\t<\/div>\n\t\t\t\t\t\t\t\t<\/div>\n\t\t\t\t<\/div>\n\t\t\t\t<\/div>\n\t\t\t\t\t<\/div>\n\t\t\t\t<\/div>\n\t\t\t\t<\/div>\n\t\t","protected":false},"excerpt":{"rendered":"<p>En esta secci\u00f3n vas a poder descargar toda la documentaci\u00f3n referida a la Mestr\u00eda en Gesti\u00f3n Ambiental Resoluci\u00f3n Ministerial Descargar Acreditaci\u00f3n CONEAU Descargar Reglamento de Posgrado de la UNaM Descargar Reglamento de Trabajo de Tesis Descargar Norma para la acreditaci\u00f3n de Trabajo de Investigaci\u00f3n Descargar Gu\u00eda para la redacci\u00f3n de la Tesis MGA Descargar Formato [&hellip;]<\/p>\n","protected":false},"author":1,"featured_media":0,"parent":0,"menu_order":0,"comment_status":"closed","ping_status":"closed","template":"","meta":{"footnotes":""},"class_list":["post-94","page","type-page","status-publish","hentry"],"_links":{"self":[{"href":"https:\/\/institucionales.fceqyn.unam.edu.ar\/gestionambiental\/wp-json\/wp\/v2\/pages\/94","targetHints":{"allow":["GET"]}}],"collection":[{"href":"https:\/\/institucionales.fceqyn.unam.edu.ar\/gestionambiental\/wp-json\/wp\/v2\/pages"}],"about":[{"href":"https:\/\/institucionales.fceqyn.unam.edu.ar\/gestionambiental\/wp-json\/wp\/v2\/types\/page"}],"author":[{"embeddable":true,"href":"https:\/\/institucionales.fceqyn.unam.edu.ar\/gestionambiental\/wp-json\/wp\/v2\/users\/1"}],"replies":[{"embeddable":true,"href":"https:\/\/institucionales.fceqyn.unam.edu.ar\/gestionambiental\/wp-json\/wp\/v2\/comments?post=94"}],"version-history":[{"count":88,"href":"https:\/\/institucionales.fceqyn.unam.edu.ar\/gestionambiental\/wp-json\/wp\/v2\/pages\/94\/revisions"}],"predecessor-version":[{"id":279,"href":"https:\/\/institucionales.fceqyn.unam.edu.ar\/gestionambiental\/wp-json\/wp\/v2\/pages\/94\/revisions\/279"}],"wp:attachment":[{"href":"https:\/\/institucionales.fceqyn.unam.edu.ar\/gestionambiental\/wp-json\/wp\/v2\/media?parent=94"}],"curies":[{"name":"wp","href":"https:\/\/api.w.org\/{rel}","templated":true}]}}