{"id":48,"date":"2026-02-13T09:37:28","date_gmt":"2026-02-13T12:37:28","guid":{"rendered":"https:\/\/institucionales.fceqyn.unam.edu.ar\/icades\/?page_id=48"},"modified":"2026-02-20T09:35:58","modified_gmt":"2026-02-20T12:35:58","slug":"instituto-de-ciencia-ambiental-y-desarrollo-sostenible","status":"publish","type":"page","link":"https:\/\/institucionales.fceqyn.unam.edu.ar\/icades\/","title":{"rendered":"Instituto de Ciencia Ambiental y Desarrollo Sostenible"},"content":{"rendered":"\t\t<div data-elementor-type=\"wp-page\" data-elementor-id=\"48\" class=\"elementor elementor-48\" data-elementor-post-type=\"page\">\n\t\t\t\t<div data-particle_enable=\"false\" data-particle-mobile-disabled=\"false\" class=\"elementor-element elementor-element-8659503 e-flex e-con-boxed e-con e-parent\" data-id=\"8659503\" data-element_type=\"container\">\n\t\t\t\t\t<div class=\"e-con-inner\">\n\t\t\t\t<div class=\"elementor-element elementor-element-75234e6 elementor-widget elementor-widget-heading\" data-id=\"75234e6\" data-element_type=\"widget\" data-widget_type=\"heading.default\">\n\t\t\t\t\t<h2 class=\"elementor-heading-title elementor-size-default\">Instituto de Ciencia Ambiental y Desarrollo Sostenible<\/h2>\t\t\t\t<\/div>\n\t\t\t\t\t<\/div>\n\t\t\t\t<\/div>\n\t\t<div data-particle_enable=\"false\" data-particle-mobile-disabled=\"false\" class=\"elementor-element elementor-element-9ac2a58 e-flex e-con-boxed e-con e-parent\" data-id=\"9ac2a58\" data-element_type=\"container\">\n\t\t\t\t\t<div class=\"e-con-inner\">\n\t\t\t\t<div class=\"elementor-element elementor-element-8fd4d8d elementor-widget elementor-widget-spacer\" data-id=\"8fd4d8d\" data-element_type=\"widget\" data-widget_type=\"spacer.default\">\n\t\t\t\t\t\t\t<div class=\"elementor-spacer\">\n\t\t\t<div class=\"elementor-spacer-inner\"><\/div>\n\t\t<\/div>\n\t\t\t\t\t\t<\/div>\n\t\t\t\t\t<\/div>\n\t\t\t\t<\/div>\n\t\t<div data-particle_enable=\"false\" data-particle-mobile-disabled=\"false\" class=\"elementor-element elementor-element-6290fc5 e-flex e-con-boxed e-con e-parent\" data-id=\"6290fc5\" data-element_type=\"container\">\n\t\t\t\t\t<div class=\"e-con-inner\">\n\t\t\t\t<div class=\"elementor-element elementor-element-322d49e elementor-widget elementor-widget-text-editor\" data-id=\"322d49e\" data-element_type=\"widget\" data-widget_type=\"text-editor.default\">\n\t\t\t\t\t\t\t\t\t<p>El <strong>ICADES<\/strong> surge como iniciativa de docentes e investigadores visionarios y con vocaci\u00f3n de servicio de la Facultad de Ciencias Exactas Qu\u00edmicas y Naturales.<\/p><p>Es un espacio de promoci\u00f3n y desarrollo de tareas de investigaci\u00f3n y proyectos orientados a mejorar la realidad, partiendo de un enfoque hol\u00edstico e interdisciplinario; a partir de lo cual se definen los v\u00ednculos entre la investigaci\u00f3n y los procedimientos de acci\u00f3n y aplicaci\u00f3n, apuntando a la resoluci\u00f3n de problemas espec\u00edficos, para promover una mejor calidad de vida de las comunidades.<\/p><p>Es inter\u00e9s del Instituto desarrollar un proceso de reconocimiento y difusi\u00f3n de valores y conceptos tendientes a fomentar y formar actitudes y aptitudes necesarias para comprender y apreciar las interrelaciones entre el hombre, su cultura y su medio biof\u00edsico. Brindando herramientas para la educaci\u00f3n ambiental a la comunidad en general.<\/p><p>El Instituto de Ciencia Ambiental y Desarrollo Sostenible, constituye un espacio de promoci\u00f3n y desarrollo de tareas de investigaci\u00f3n y proyectos orientados a mejorar la realidad, partiendo de un enfoque hol\u00edstico e interdisciplinario; a partir de lo cual se definen los v\u00ednculos entre la investigaci\u00f3n y los procedimientos de acci\u00f3n y aplicaci\u00f3n, apuntando a la resoluci\u00f3n de problemas espec\u00edficos, para promover una mejor calidad de vida de las comunidades dentro del paradigma del &#8220;desarrollo econ\u00f3mico sostenible&#8221;.<\/p><p>Asimismo y asumiendo que para el tratamiento de los problemas ambientales y el aporte de soluciones concretas, no es suficiente considerar la articulaci\u00f3n te\u00f3rica de las ciencias, sino que es indispensable que se tenga una real articulaci\u00f3n entre los cient\u00edficos, los profesionales y los distintos actores sociales involucrados en la problem\u00e1tica que se pretende resolver. Por ello, dentro de las actividades previstas para el Instituto, se destacan las tareas de formaci\u00f3n y capacitaci\u00f3n en temas ambientales, a trav\u00e9s de cursos de post-grado, seminarios, jornadas, simposios, cursos, tendientes a posibilitar una mejor comunicaci\u00f3n entre los sectores involucrados.<\/p>\t\t\t\t\t\t\t\t<\/div>\n\t\t\t\t\t<\/div>\n\t\t\t\t<\/div>\n\t\t<div data-particle_enable=\"false\" data-particle-mobile-disabled=\"false\" class=\"elementor-element elementor-element-77b7b2f e-flex e-con-boxed e-con e-parent\" data-id=\"77b7b2f\" data-element_type=\"container\">\n\t\t\t\t\t<div class=\"e-con-inner\">\n\t\t\t\t<div class=\"elementor-element elementor-element-6a8e0c1 elementor-widget elementor-widget-spacer\" data-id=\"6a8e0c1\" data-element_type=\"widget\" data-widget_type=\"spacer.default\">\n\t\t\t\t\t\t\t<div class=\"elementor-spacer\">\n\t\t\t<div class=\"elementor-spacer-inner\"><\/div>\n\t\t<\/div>\n\t\t\t\t\t\t<\/div>\n\t\t\t\t\t<\/div>\n\t\t\t\t<\/div>\n\t\t<div data-particle_enable=\"false\" data-particle-mobile-disabled=\"false\" class=\"elementor-element elementor-element-fa05d67 e-flex e-con-boxed e-con e-parent\" data-id=\"fa05d67\" data-element_type=\"container\">\n\t\t\t\t\t<div class=\"e-con-inner\">\n\t\t\t\t<div class=\"elementor-element elementor-element-5f1cc88 elementor-widget-divider--view-line elementor-widget elementor-widget-divider\" data-id=\"5f1cc88\" data-element_type=\"widget\" data-widget_type=\"divider.default\">\n\t\t\t\t\t\t\t<div class=\"elementor-divider\">\n\t\t\t<span class=\"elementor-divider-separator\">\n\t\t\t\t\t\t<\/span>\n\t\t<\/div>\n\t\t\t\t\t\t<\/div>\n\t\t\t\t\t<\/div>\n\t\t\t\t<\/div>\n\t\t<div data-particle_enable=\"false\" data-particle-mobile-disabled=\"false\" class=\"elementor-element elementor-element-0eae36d e-flex e-con-boxed e-con e-parent\" data-id=\"0eae36d\" data-element_type=\"container\">\n\t\t\t\t\t<div class=\"e-con-inner\">\n\t\t\t\t<div class=\"elementor-element elementor-element-4220ba9 elementor-widget elementor-widget-spacer\" data-id=\"4220ba9\" data-element_type=\"widget\" data-widget_type=\"spacer.default\">\n\t\t\t\t\t\t\t<div class=\"elementor-spacer\">\n\t\t\t<div class=\"elementor-spacer-inner\"><\/div>\n\t\t<\/div>\n\t\t\t\t\t\t<\/div>\n\t\t\t\t<div class=\"elementor-element elementor-element-924427e elementor-widget elementor-widget-menu-anchor\" data-id=\"924427e\" data-element_type=\"widget\" data-widget_type=\"menu-anchor.default\">\n\t\t\t\t\t\t\t<div class=\"elementor-menu-anchor\" id=\"objetivos\"><\/div>\n\t\t\t\t\t\t<\/div>\n\t\t\t\t\t<\/div>\n\t\t\t\t<\/div>\n\t\t<div data-particle_enable=\"false\" data-particle-mobile-disabled=\"false\" class=\"elementor-element elementor-element-7c77a66 e-flex e-con-boxed e-con e-parent\" data-id=\"7c77a66\" data-element_type=\"container\">\n\t\t\t\t\t<div class=\"e-con-inner\">\n\t\t\t\t<div class=\"elementor-element elementor-element-88dada4 elementor-widget elementor-widget-heading\" data-id=\"88dada4\" data-element_type=\"widget\" data-widget_type=\"heading.default\">\n\t\t\t\t\t<h2 class=\"elementor-heading-title elementor-size-default\">Objetios<\/h2>\t\t\t\t<\/div>\n\t\t\t\t\t<\/div>\n\t\t\t\t<\/div>\n\t\t<div data-particle_enable=\"false\" data-particle-mobile-disabled=\"false\" class=\"elementor-element elementor-element-0f48bdf e-flex e-con-boxed e-con e-parent\" data-id=\"0f48bdf\" data-element_type=\"container\">\n\t\t\t\t\t<div class=\"e-con-inner\">\n\t\t\t\t<div class=\"elementor-element elementor-element-8784550 elementor-widget elementor-widget-text-editor\" data-id=\"8784550\" data-element_type=\"widget\" data-widget_type=\"text-editor.default\">\n\t\t\t\t\t\t\t\t\t<ul><li>Promover, generar y contribuir al desarrollo de conocimientos cient\u00edficos e informaciones sobre los recursos naturales y el medio ambiente.<\/li><li>Realizar investigaciones b\u00e1sicas, aplicadas y desarrollo tecnol\u00f3gico sobre la problem\u00e1tica ambiental, el aprovechamiento racional de los recursos naturales, el saneamiento, la calidad de vida y el desarrollo sostenible.<\/li><li>Prestar asistencia cient\u00edfica y t\u00e9cnica, de asesoramiento, consultor\u00eda y extensi\u00f3n a organismos, empresas e instituciones p\u00fablicas y privadas.<\/li><li>Formar recursos humanos en \u00e1reas de su competencia a nivel de grado y postgrado.<\/li><li>Brindar apoyo a la docencia en las \u00e1reas de su competencia.<\/li><li>Crear mecanismos de intercambio de informaci\u00f3n y difundir los conocimientos a trav\u00e9s de cursos, talleres, seminarios, publicaciones, conferencias, debates, etc., promocionando la participaci\u00f3n comunitaria.<\/li><li>Aportar a la formulaci\u00f3n de normativas y propuestas de planificaci\u00f3n y gesti\u00f3n ambiental.<\/li><li>Impulsar la cooperaci\u00f3n interinstitucional mediante acuerdos de trabajos conjuntos con organismos del pa\u00eds o del exterior en temas de inter\u00e9s com\u00fan.<\/li><li>Desarrollar estudios de impacto ambiental y de desarrollo regional.<\/li><\/ul>\t\t\t\t\t\t\t\t<\/div>\n\t\t\t\t\t<\/div>\n\t\t\t\t<\/div>\n\t\t<div data-particle_enable=\"false\" data-particle-mobile-disabled=\"false\" class=\"elementor-element elementor-element-afecb37 e-flex e-con-boxed e-con e-parent\" data-id=\"afecb37\" data-element_type=\"container\">\n\t\t\t\t\t<div class=\"e-con-inner\">\n\t\t\t\t<div class=\"elementor-element elementor-element-676e97c elementor-widget-divider--view-line elementor-widget elementor-widget-divider\" data-id=\"676e97c\" data-element_type=\"widget\" data-widget_type=\"divider.default\">\n\t\t\t\t\t\t\t<div class=\"elementor-divider\">\n\t\t\t<span class=\"elementor-divider-separator\">\n\t\t\t\t\t\t<\/span>\n\t\t<\/div>\n\t\t\t\t\t\t<\/div>\n\t\t\t\t\t<\/div>\n\t\t\t\t<\/div>\n\t\t<div data-particle_enable=\"false\" data-particle-mobile-disabled=\"false\" class=\"elementor-element elementor-element-cc7d49c e-flex e-con-boxed e-con e-parent\" data-id=\"cc7d49c\" data-element_type=\"container\">\n\t\t\t\t\t<div class=\"e-con-inner\">\n\t\t\t\t<div class=\"elementor-element elementor-element-888a41e elementor-widget elementor-widget-spacer\" data-id=\"888a41e\" data-element_type=\"widget\" data-widget_type=\"spacer.default\">\n\t\t\t\t\t\t\t<div class=\"elementor-spacer\">\n\t\t\t<div class=\"elementor-spacer-inner\"><\/div>\n\t\t<\/div>\n\t\t\t\t\t\t<\/div>\n\t\t\t\t\t<\/div>\n\t\t\t\t<\/div>\n\t\t<div data-particle_enable=\"false\" data-particle-mobile-disabled=\"false\" class=\"elementor-element elementor-element-791c8db e-flex e-con-boxed e-con e-parent\" data-id=\"791c8db\" data-element_type=\"container\">\n\t\t\t\t\t<div class=\"e-con-inner\">\n\t\t\t\t<div class=\"elementor-element elementor-element-9035dca elementor-widget elementor-widget-heading\" data-id=\"9035dca\" data-element_type=\"widget\" data-widget_type=\"heading.default\">\n\t\t\t\t\t<h2 class=\"elementor-heading-title elementor-size-default\">Justificaci\u00f3n<\/h2>\t\t\t\t<\/div>\n\t\t\t\t\t<\/div>\n\t\t\t\t<\/div>\n\t\t<div data-particle_enable=\"false\" data-particle-mobile-disabled=\"false\" class=\"elementor-element elementor-element-561c850 e-flex e-con-boxed e-con e-parent\" data-id=\"561c850\" data-element_type=\"container\">\n\t\t\t\t\t<div class=\"e-con-inner\">\n\t\t\t\t<div class=\"elementor-element elementor-element-927e844 elementor-widget elementor-widget-spacer\" data-id=\"927e844\" data-element_type=\"widget\" data-widget_type=\"spacer.default\">\n\t\t\t\t\t\t\t<div class=\"elementor-spacer\">\n\t\t\t<div class=\"elementor-spacer-inner\"><\/div>\n\t\t<\/div>\n\t\t\t\t\t\t<\/div>\n\t\t\t\t\t<\/div>\n\t\t\t\t<\/div>\n\t\t<div data-particle_enable=\"false\" data-particle-mobile-disabled=\"false\" class=\"elementor-element elementor-element-b4481d4 e-flex e-con-boxed e-con e-parent\" data-id=\"b4481d4\" data-element_type=\"container\">\n\t\t\t\t\t<div class=\"e-con-inner\">\n\t\t\t\t<div class=\"elementor-element elementor-element-0708ff6 elementor-widget elementor-widget-text-editor\" data-id=\"0708ff6\" data-element_type=\"widget\" data-widget_type=\"text-editor.default\">\n\t\t\t\t\t\t\t\t\t<p>El ambiente, como concepto globalizador y din\u00e1mico, se refiere a un espacio natural que se define por las acciones de transformaci\u00f3n de las actividades humanas. En este sentido, no hay ambiente que no refleje la influencia del hombre, el que ha producido desajustes, sea por el uso de los recursos naturales, por la localizaci\u00f3n de las actividades productivas y de los asentamientos humanos. Muchas veces esta asimetr\u00eda est\u00e1 profundamente ligada al proceso hist\u00f3rico, a la ocupaci\u00f3n y uso del territorio, a la concepci\u00f3n del desarrollo, etc.; por lo cual la soluci\u00f3n a los problemas ambientales no consiste \u00fanicamente de ocuparse de los aspectos t\u00e9cnicos y puntuales de la contaminaci\u00f3n, del talado de los bosques y selvas, de la erosi\u00f3n, de la calidad del agua, del exterminio de la fauna, de los problemas de salud y de subalimentaci\u00f3n, sino que exige ensamblar \u00e9stos y otros problemas en una concepci\u00f3n integradora de la interacci\u00f3n de los procesos humanos con los sistemas naturales.<\/p><p>Del an\u00e1lisis de la situaci\u00f3n ambiental de la Provincia de Misiones, con una realidad geogr\u00e1fica compleja y un ambiente altamente fr\u00e1gil a las actividades antr\u00f3picas, se aprecia que a pesar de la Instituciones y legislaci\u00f3n existentes relacionadas con ordenamiento y utilizaci\u00f3n de los recursos naturales, el deterioro de los mismos continua, debido a la ausencia de una correcta interrelaci\u00f3n entre el uso y la administraci\u00f3n de los componentes ambientales. Surge as\u00ed la necesidad de desarrollar una mayor sensibilidad en base a conocimientos cient\u00edficos y t\u00e9cnicos, para lograr una sociedad que armonice las relaciones entre el hombre y su entorno, mejorando la calidad de vida de la poblaci\u00f3n, y preservando y potenciando el patrimonio ambiental de Misiones.<\/p><p>En este contexto, el Instituto de Ciencia Ambiental y Desarrollo Sostenible, constituye un espacio de promoci\u00f3n y desarrollo de tareas de investigaci\u00f3n y proyectos orientados a mejorar la realidad, partiendo de un enfoque hol\u00edstico e interdisciplinario; a partir de lo cual se definen los v\u00ednculos entre la investigaci\u00f3n y los procedimientos de acci\u00f3n y aplicaci\u00f3n, apuntando a la resoluci\u00f3n de problemas espec\u00edficos, para promover una mejor calidad de vida de las comunidades dentro del paradigma del &#8220;desarrollo econ\u00f3mico sostenible&#8221;.<\/p>\t\t\t\t\t\t\t\t<\/div>\n\t\t\t\t\t<\/div>\n\t\t\t\t<\/div>\n\t\t<div data-particle_enable=\"false\" data-particle-mobile-disabled=\"false\" class=\"elementor-element elementor-element-3ea3fe5 e-flex e-con-boxed e-con e-parent\" data-id=\"3ea3fe5\" data-element_type=\"container\">\n\t\t\t\t\t<div class=\"e-con-inner\">\n\t\t\t\t<div class=\"elementor-element elementor-element-a6015cc elementor-widget elementor-widget-spacer\" data-id=\"a6015cc\" data-element_type=\"widget\" data-widget_type=\"spacer.default\">\n\t\t\t\t\t\t\t<div class=\"elementor-spacer\">\n\t\t\t<div class=\"elementor-spacer-inner\"><\/div>\n\t\t<\/div>\n\t\t\t\t\t\t<\/div>\n\t\t\t\t\t<\/div>\n\t\t\t\t<\/div>\n\t\t\t\t<\/div>\n\t\t","protected":false},"excerpt":{"rendered":"<p>Instituto de Ciencia Ambiental y Desarrollo Sostenible El ICADES surge como iniciativa de docentes e investigadores visionarios y con vocaci\u00f3n de servicio de la Facultad de Ciencias Exactas Qu\u00edmicas y Naturales. Es un espacio de promoci\u00f3n y desarrollo de tareas de investigaci\u00f3n y proyectos orientados a mejorar la realidad, partiendo de un enfoque hol\u00edstico e [&hellip;]<\/p>\n","protected":false},"author":1,"featured_media":0,"parent":0,"menu_order":0,"comment_status":"closed","ping_status":"closed","template":"","meta":{"footnotes":""},"class_list":["post-48","page","type-page","status-publish","hentry"],"_links":{"self":[{"href":"https:\/\/institucionales.fceqyn.unam.edu.ar\/icades\/wp-json\/wp\/v2\/pages\/48","targetHints":{"allow":["GET"]}}],"collection":[{"href":"https:\/\/institucionales.fceqyn.unam.edu.ar\/icades\/wp-json\/wp\/v2\/pages"}],"about":[{"href":"https:\/\/institucionales.fceqyn.unam.edu.ar\/icades\/wp-json\/wp\/v2\/types\/page"}],"author":[{"embeddable":true,"href":"https:\/\/institucionales.fceqyn.unam.edu.ar\/icades\/wp-json\/wp\/v2\/users\/1"}],"replies":[{"embeddable":true,"href":"https:\/\/institucionales.fceqyn.unam.edu.ar\/icades\/wp-json\/wp\/v2\/comments?post=48"}],"version-history":[{"count":13,"href":"https:\/\/institucionales.fceqyn.unam.edu.ar\/icades\/wp-json\/wp\/v2\/pages\/48\/revisions"}],"predecessor-version":[{"id":65,"href":"https:\/\/institucionales.fceqyn.unam.edu.ar\/icades\/wp-json\/wp\/v2\/pages\/48\/revisions\/65"}],"wp:attachment":[{"href":"https:\/\/institucionales.fceqyn.unam.edu.ar\/icades\/wp-json\/wp\/v2\/media?parent=48"}],"curies":[{"name":"wp","href":"https:\/\/api.w.org\/{rel}","templated":true}]}}