{"id":32,"date":"2025-03-14T09:36:19","date_gmt":"2025-03-14T12:36:19","guid":{"rendered":"https:\/\/institucionales.fceqyn.unam.edu.ar\/moduloapostoles\/?page_id=32"},"modified":"2025-10-26T09:35:16","modified_gmt":"2025-10-26T12:35:16","slug":"modulo-apostoles","status":"publish","type":"page","link":"https:\/\/institucionales.fceqyn.unam.edu.ar\/informatica\/","title":{"rendered":"M\u00f3dulo Ap\u00f3stoles"},"content":{"rendered":"\t\t<div data-elementor-type=\"wp-page\" data-elementor-id=\"32\" class=\"elementor elementor-32\" data-elementor-post-type=\"page\">\n\t\t\t\t<div class=\"elementor-element elementor-element-0110aae e-flex e-con-boxed e-con e-parent\" data-id=\"0110aae\" data-element_type=\"container\" data-settings=\"{&quot;background_background&quot;:&quot;gradient&quot;,&quot;position&quot;:&quot;absolute&quot;}\">\n\t\t\t\t\t<div class=\"e-con-inner\">\n\t\t\t\t<div class=\"elementor-element elementor-element-ea1bec3 elementor-widget elementor-widget-heading\" data-id=\"ea1bec3\" data-element_type=\"widget\" data-widget_type=\"heading.default\">\n\t\t\t\t<div class=\"elementor-widget-container\">\n\t\t\t\t\t<h2 class=\"elementor-heading-title elementor-size-default\">M\u00f3dulo Ap\u00f3stoles<\/h2>\t\t\t\t<\/div>\n\t\t\t\t<\/div>\n\t\t\t\t\t<\/div>\n\t\t\t\t<\/div>\n\t\t<div class=\"elementor-element elementor-element-48ab93e e-con-full e-flex e-con e-parent\" data-id=\"48ab93e\" data-element_type=\"container\">\n\t\t<div class=\"elementor-element elementor-element-ac1616f e-con-full e-flex e-con e-child\" data-id=\"ac1616f\" data-element_type=\"container\">\n\t\t<div class=\"elementor-element elementor-element-ee79b88 e-con-full e-flex e-con e-child\" data-id=\"ee79b88\" data-element_type=\"container\">\n\t\t\t\t<\/div>\n\t\t\t\t<\/div>\n\t\t<div class=\"elementor-element elementor-element-12612a7 e-con-full e-flex e-con e-child\" data-id=\"12612a7\" data-element_type=\"container\">\n\t\t\t\t<div class=\"elementor-element elementor-element-425378b elementor-widget elementor-widget-text-editor\" data-id=\"425378b\" data-element_type=\"widget\" data-widget_type=\"text-editor.default\">\n\t\t\t\t<div class=\"elementor-widget-container\">\n\t\t\t\t\t\t\t\t\t<p>La Universidad Nacional de Misiones (UNaM), a trav\u00e9s de la Facultad de Ciencias Exactas, Qu\u00edmicas y Naturales, ha sido pionera en la formaci\u00f3n inform\u00e1tica en el sur de la provincia. El M\u00f3dulo Ap\u00f3stoles, sede de esta iniciativa, naci\u00f3 en respuesta a una necesidad concreta: incorporar la inform\u00e1tica como herramienta transversal en los \u00e1mbitos laborales y educativos.<\/p><p>El 30 de noviembre de 1990, la UNaM y la Fundaci\u00f3n Ap\u00f3stoles firmaron un convenio para implementar el Curso de Auxiliares en Inform\u00e1tica. A partir de all\u00ed, se sucedieron nuevas propuestas formativas, entre ellas el Curso de Analista Programador, que evolucion\u00f3 en 1993 hacia la carrera de Analista en Sistemas de Computaci\u00f3n (ASC). Esta carrera fue aprobada por el Consejo Superior y recibi\u00f3 reconocimiento oficial y validez nacional en 1997 por parte del Ministerio de Cultura y Educaci\u00f3n de la Naci\u00f3n.<\/p><p>La creaci\u00f3n de esta carrera respondi\u00f3 a una demanda concreta de la regi\u00f3n: ofrecer formaci\u00f3n superior en inform\u00e1tica sin necesidad de migrar a otras provincias. De este modo, se fortaleci\u00f3 el arraigo local y se generaron nuevas oportunidades laborales. Muchos estudiantes comenzaron a trabajar incluso antes de finalizar sus estudios, lo que evidencia la calidad y pertinencia de la formaci\u00f3n recibida.<\/p><p>En 2003, atendiendo a las necesidades de los egresados y al crecimiento del sector, se cre\u00f3 la Licenciatura en Sistemas de Informaci\u00f3n, una carrera de grado con s\u00f3lida base cient\u00edfica y orientaci\u00f3n al cambio tecnol\u00f3gico. Esta propuesta fue aprobada por el Consejo Superior en 2004 y obtuvo reconocimiento oficial y validez nacional en 2005. Su plan de estudios se dise\u00f1\u00f3 en sinton\u00eda con el N\u00facleo Curricular definido por la Red de Universidades Nacionales con Carreras de Inform\u00e1tica, garantizando est\u00e1ndares de calidad y actualizaci\u00f3n permanente.<\/p><p>Ya en 2015, se incorpora una nueva oferta de formaci\u00f3n de grado: el Profesorado Universitario en Computaci\u00f3n.<\/p><p>Hoy, el M\u00f3dulo Ap\u00f3stoles contin\u00faa consolidando su compromiso con la formaci\u00f3n de profesionales altamente capacitados, preparados para afrontar los desaf\u00edos del mundo digital y contribuir al desarrollo regional. Su historia es testimonio del valor de la educaci\u00f3n p\u00fablica, inclusiva y contextualizada.<\/p><p>El M\u00f3dulo se ubica en la calle Pellegrini N\u00b0269 de la localidad de Ap\u00f3stoles.<\/p>\t\t\t\t\t\t\t\t<\/div>\n\t\t\t\t<\/div>\n\t\t<div class=\"elementor-element elementor-element-ae414bc e-flex e-con-boxed e-con e-child\" data-id=\"ae414bc\" data-element_type=\"container\">\n\t\t\t\t\t<div class=\"e-con-inner\">\n\t\t\t\t<div class=\"elementor-element elementor-element-ec9c6a6 elementor-widget elementor-widget-spacer\" data-id=\"ec9c6a6\" data-element_type=\"widget\" data-widget_type=\"spacer.default\">\n\t\t\t\t<div class=\"elementor-widget-container\">\n\t\t\t\t\t\t\t<div class=\"elementor-spacer\">\n\t\t\t<div class=\"elementor-spacer-inner\"><\/div>\n\t\t<\/div>\n\t\t\t\t\t\t<\/div>\n\t\t\t\t<\/div>\n\t\t\t\t\t<\/div>\n\t\t\t\t<\/div>\n\t\t<div class=\"elementor-element elementor-element-9e4ae84 e-flex e-con-boxed e-con e-child\" data-id=\"9e4ae84\" data-element_type=\"container\" data-settings=\"{&quot;background_background&quot;:&quot;classic&quot;}\">\n\t\t\t\t\t<div class=\"e-con-inner\">\n\t\t\t\t<div class=\"elementor-element elementor-element-580a6a2 elementor-widget elementor-widget-menu-anchor\" data-id=\"580a6a2\" data-element_type=\"widget\" data-widget_type=\"menu-anchor.default\">\n\t\t\t\t<div class=\"elementor-widget-container\">\n\t\t\t\t\t\t\t<div class=\"elementor-menu-anchor\" id=\"carreras\"><\/div>\n\t\t\t\t\t\t<\/div>\n\t\t\t\t<\/div>\n\t\t\t\t<div class=\"elementor-element elementor-element-7e3fe44 elementor-widget elementor-widget-heading\" data-id=\"7e3fe44\" data-element_type=\"widget\" data-widget_type=\"heading.default\">\n\t\t\t\t<div class=\"elementor-widget-container\">\n\t\t\t\t\t<h2 class=\"elementor-heading-title elementor-size-default\">CARRERAS<\/h2>\t\t\t\t<\/div>\n\t\t\t\t<\/div>\n\t\t\t\t\t<\/div>\n\t\t\t\t<\/div>\n\t\t<div class=\"elementor-element elementor-element-f50e6d8 e-flex e-con-boxed e-con e-child\" data-id=\"f50e6d8\" data-element_type=\"container\" data-settings=\"{&quot;background_background&quot;:&quot;classic&quot;}\">\n\t\t\t\t\t<div class=\"e-con-inner\">\n\t\t<div class=\"elementor-element elementor-element-b9cfa0c e-flex e-con-boxed e-con e-child\" data-id=\"b9cfa0c\" data-element_type=\"container\" data-settings=\"{&quot;background_background&quot;:&quot;classic&quot;}\">\n\t\t\t\t\t<div class=\"e-con-inner\">\n\t\t\t\t<div class=\"elementor-element elementor-element-0176d9d elementor-widget elementor-widget-heading\" data-id=\"0176d9d\" data-element_type=\"widget\" data-widget_type=\"heading.default\">\n\t\t\t\t<div class=\"elementor-widget-container\">\n\t\t\t\t\t<h2 class=\"elementor-heading-title elementor-size-default\">Analista en Sistemas de Computaci\u00f3n<\/h2>\t\t\t\t<\/div>\n\t\t\t\t<\/div>\n\t\t\t\t<div class=\"elementor-element elementor-element-d18a6bf elementor-widget elementor-widget-text-editor\" data-id=\"d18a6bf\" data-element_type=\"widget\" data-widget_type=\"text-editor.default\">\n\t\t\t\t<div class=\"elementor-widget-container\">\n\t\t\t\t\t\t\t\t\t<p>Es una carrera de pregrado que emite certificados de aprobaci\u00f3n de Auxiliar en Inform\u00e1tica en 1\u00ba a\u00f1o y de Analista Programador en 2\u00ba a\u00f1o.<\/p><p>Brinda la formaci\u00f3n requerida para realizar programaci\u00f3n, prueba, documentaci\u00f3n, actualizaci\u00f3n y mantenimiento de sistemas inform\u00e1ticos.<\/p><p>Pod\u00e9s trabajar en equipos de relevamiento y an\u00e1lisis de datos, dise\u00f1o de sistemas, control, entre otros.\u00a0<\/p>\t\t\t\t\t\t\t\t<\/div>\n\t\t\t\t<\/div>\n\t\t\t\t<div class=\"elementor-element elementor-element-97e7937 elementor-align-center elementor-widget elementor-widget-button\" data-id=\"97e7937\" data-element_type=\"widget\" data-widget_type=\"button.default\">\n\t\t\t\t<div class=\"elementor-widget-container\">\n\t\t\t\t\t\t\t\t\t<div class=\"elementor-button-wrapper\">\n\t\t\t\t\t<a class=\"elementor-button elementor-button-link elementor-size-sm\" href=\"https:\/\/www.fceqyn.unam.edu.ar\/carreras\/analista-en-sistemas-de-computacion\/\">\n\t\t\t\t\t\t<span class=\"elementor-button-content-wrapper\">\n\t\t\t\t\t\t\t\t\t<span class=\"elementor-button-text\">Conocer m\u00e1s<\/span>\n\t\t\t\t\t<\/span>\n\t\t\t\t\t<\/a>\n\t\t\t\t<\/div>\n\t\t\t\t\t\t\t\t<\/div>\n\t\t\t\t<\/div>\n\t\t\t\t\t<\/div>\n\t\t\t\t<\/div>\n\t\t<div class=\"elementor-element elementor-element-3783c73 e-flex e-con-boxed e-con e-child\" data-id=\"3783c73\" data-element_type=\"container\" data-settings=\"{&quot;background_background&quot;:&quot;classic&quot;}\">\n\t\t\t\t\t<div class=\"e-con-inner\">\n\t\t\t\t<div class=\"elementor-element elementor-element-c292aaf elementor-widget elementor-widget-heading\" data-id=\"c292aaf\" data-element_type=\"widget\" data-widget_type=\"heading.default\">\n\t\t\t\t<div class=\"elementor-widget-container\">\n\t\t\t\t\t<h2 class=\"elementor-heading-title elementor-size-default\">Licenciatura en Sistemas de Informaci\u00f3n<\/h2>\t\t\t\t<\/div>\n\t\t\t\t<\/div>\n\t\t\t\t<div class=\"elementor-element elementor-element-6c1275a elementor-widget elementor-widget-text-editor\" data-id=\"6c1275a\" data-element_type=\"widget\" data-widget_type=\"text-editor.default\">\n\t\t\t\t<div class=\"elementor-widget-container\">\n\t\t\t\t\t\t\t\t\t<p>Los cambios tecnol\u00f3gicos exigen profesionales creativos que puedan hallar soluciones y desarrollar las especificaciones funcionales de los sistemas de computaci\u00f3n.<\/p><p>Esta carrera te brinda una s\u00f3lida formaci\u00f3n en ingenier\u00eda de software, programaci\u00f3n, estructura de datos y algoritmos, sistemas operativos, redes y lenguajes. Form\u00e1 parte del futuro digital con las herramientas que lo hacen posible.<\/p>\t\t\t\t\t\t\t\t<\/div>\n\t\t\t\t<\/div>\n\t\t\t\t<div class=\"elementor-element elementor-element-b2424aa elementor-align-center elementor-widget elementor-widget-button\" data-id=\"b2424aa\" data-element_type=\"widget\" data-widget_type=\"button.default\">\n\t\t\t\t<div class=\"elementor-widget-container\">\n\t\t\t\t\t\t\t\t\t<div class=\"elementor-button-wrapper\">\n\t\t\t\t\t<a class=\"elementor-button elementor-button-link elementor-size-sm\" href=\"https:\/\/www.fceqyn.unam.edu.ar\/carreras\/licenciatura-en-sistemas-de-informacion\/\">\n\t\t\t\t\t\t<span class=\"elementor-button-content-wrapper\">\n\t\t\t\t\t\t\t\t\t<span class=\"elementor-button-text\">Conocer m\u00e1s<\/span>\n\t\t\t\t\t<\/span>\n\t\t\t\t\t<\/a>\n\t\t\t\t<\/div>\n\t\t\t\t\t\t\t\t<\/div>\n\t\t\t\t<\/div>\n\t\t\t\t\t<\/div>\n\t\t\t\t<\/div>\n\t\t<div class=\"elementor-element elementor-element-29c3925 e-flex e-con-boxed e-con e-child\" data-id=\"29c3925\" data-element_type=\"container\" data-settings=\"{&quot;background_background&quot;:&quot;classic&quot;}\">\n\t\t\t\t\t<div class=\"e-con-inner\">\n\t\t\t\t<div class=\"elementor-element elementor-element-1134d91 elementor-widget elementor-widget-heading\" data-id=\"1134d91\" data-element_type=\"widget\" data-widget_type=\"heading.default\">\n\t\t\t\t<div class=\"elementor-widget-container\">\n\t\t\t\t\t<h2 class=\"elementor-heading-title elementor-size-default\">Profesorado Universitario en Computaci\u00f3n<\/h2>\t\t\t\t<\/div>\n\t\t\t\t<\/div>\n\t\t\t\t<div class=\"elementor-element elementor-element-e3a9228 elementor-widget elementor-widget-text-editor\" data-id=\"e3a9228\" data-element_type=\"widget\" data-widget_type=\"text-editor.default\">\n\t\t\t\t<div class=\"elementor-widget-container\">\n\t\t\t\t\t\t\t\t\t<p>Las computadoras son una herramienta de estudio presente en las aulas. Para conocerlas a fondo es fundamental el rol de un profesor capacitado.<\/p><p>Adem\u00e1s de cumplir el rol docente en Nivel Medio y Superior, estos profesionales est\u00e1n capacitados para desempe\u00f1arse como asesores y jefes de departamentos tecnol\u00f3gicos en instituciones p\u00fablicas y privadas.<\/p>\t\t\t\t\t\t\t\t<\/div>\n\t\t\t\t<\/div>\n\t\t\t\t<div class=\"elementor-element elementor-element-972d2e6 elementor-align-center elementor-widget elementor-widget-button\" data-id=\"972d2e6\" data-element_type=\"widget\" data-widget_type=\"button.default\">\n\t\t\t\t<div class=\"elementor-widget-container\">\n\t\t\t\t\t\t\t\t\t<div class=\"elementor-button-wrapper\">\n\t\t\t\t\t<a class=\"elementor-button elementor-button-link elementor-size-sm\" href=\"https:\/\/www.fceqyn.unam.edu.ar\/carreras\/profesorado-universitario-en-computacion\/\">\n\t\t\t\t\t\t<span class=\"elementor-button-content-wrapper\">\n\t\t\t\t\t\t\t\t\t<span class=\"elementor-button-text\">Conocer m\u00e1s<\/span>\n\t\t\t\t\t<\/span>\n\t\t\t\t\t<\/a>\n\t\t\t\t<\/div>\n\t\t\t\t\t\t\t\t<\/div>\n\t\t\t\t<\/div>\n\t\t\t\t\t<\/div>\n\t\t\t\t<\/div>\n\t\t\t\t\t<\/div>\n\t\t\t\t<\/div>\n\t\t\t\t<\/div>\n\t\t\t\t<\/div>\n\t\t<div class=\"elementor-element elementor-element-4e7797c e-con-full e-flex e-con e-parent\" data-id=\"4e7797c\" data-element_type=\"container\">\n\t\t<div class=\"elementor-element elementor-element-db1240f e-flex e-con-boxed e-con e-child\" data-id=\"db1240f\" data-element_type=\"container\">\n\t\t\t\t\t<div class=\"e-con-inner\">\n\t\t\t\t<div class=\"elementor-element elementor-element-adbaa8e elementor-widget elementor-widget-spacer\" data-id=\"adbaa8e\" data-element_type=\"widget\" data-widget_type=\"spacer.default\">\n\t\t\t\t<div class=\"elementor-widget-container\">\n\t\t\t\t\t\t\t<div class=\"elementor-spacer\">\n\t\t\t<div class=\"elementor-spacer-inner\"><\/div>\n\t\t<\/div>\n\t\t\t\t\t\t<\/div>\n\t\t\t\t<\/div>\n\t\t\t\t\t<\/div>\n\t\t\t\t<\/div>\n\t\t\t\t<\/div>\n\t\t<div class=\"elementor-element elementor-element-64a9f2a e-con-full e-flex e-con e-parent\" data-id=\"64a9f2a\" data-element_type=\"container\">\n\t\t<div class=\"elementor-element elementor-element-1d6c889 e-flex e-con-boxed e-con e-child\" data-id=\"1d6c889\" data-element_type=\"container\">\n\t\t\t\t\t<div class=\"e-con-inner\">\n\t\t\t\t<div class=\"elementor-element elementor-element-8ebaef4 elementor-widget elementor-widget-spacer\" data-id=\"8ebaef4\" data-element_type=\"widget\" data-widget_type=\"spacer.default\">\n\t\t\t\t<div class=\"elementor-widget-container\">\n\t\t\t\t\t\t\t<div class=\"elementor-spacer\">\n\t\t\t<div class=\"elementor-spacer-inner\"><\/div>\n\t\t<\/div>\n\t\t\t\t\t\t<\/div>\n\t\t\t\t<\/div>\n\t\t\t\t\t<\/div>\n\t\t\t\t<\/div>\n\t\t<div class=\"elementor-element elementor-element-7254e1d e-flex e-con-boxed e-con e-child\" data-id=\"7254e1d\" data-element_type=\"container\">\n\t\t\t\t\t<div class=\"e-con-inner\">\n\t\t\t\t<div class=\"elementor-element elementor-element-e2ae445 elementor-widget elementor-widget-menu-anchor\" data-id=\"e2ae445\" data-element_type=\"widget\" data-widget_type=\"menu-anchor.default\">\n\t\t\t\t<div class=\"elementor-widget-container\">\n\t\t\t\t\t\t\t<div class=\"elementor-menu-anchor\" id=\"novedades\"><\/div>\n\t\t\t\t\t\t<\/div>\n\t\t\t\t<\/div>\n\t\t\t\t<div class=\"elementor-element elementor-element-8734941 elementor-widget elementor-widget-heading\" data-id=\"8734941\" data-element_type=\"widget\" data-widget_type=\"heading.default\">\n\t\t\t\t<div class=\"elementor-widget-container\">\n\t\t\t\t\t<h2 class=\"elementor-heading-title elementor-size-default\">Ultimas novedades<\/h2>\t\t\t\t<\/div>\n\t\t\t\t<\/div>\n\t\t\t\t<div class=\"elementor-element elementor-element-7246e4c elementor-widget-divider--view-line elementor-widget elementor-widget-divider\" data-id=\"7246e4c\" data-element_type=\"widget\" data-widget_type=\"divider.default\">\n\t\t\t\t<div class=\"elementor-widget-container\">\n\t\t\t\t\t\t\t<div class=\"elementor-divider\">\n\t\t\t<span class=\"elementor-divider-separator\">\n\t\t\t\t\t\t<\/span>\n\t\t<\/div>\n\t\t\t\t\t\t<\/div>\n\t\t\t\t<\/div>\n\t\t\t\t\t<\/div>\n\t\t\t\t<\/div>\n\t\t\t\t<\/div>\n\t\t<div class=\"elementor-element elementor-element-2e8402b e-flex e-con-boxed e-con e-parent\" data-id=\"2e8402b\" data-element_type=\"container\">\n\t\t\t\t\t<div class=\"e-con-inner\">\n\t\t\t\t\t<\/div>\n\t\t\t\t<\/div>\n\t\t<div class=\"elementor-element elementor-element-f8411c6 e-flex e-con-boxed e-con e-parent\" data-id=\"f8411c6\" data-element_type=\"container\">\n\t\t\t\t\t<div class=\"e-con-inner\">\n\t\t\t\t<div class=\"elementor-element elementor-element-0826ccb elementor-align-center elementor-widget elementor-widget-button\" data-id=\"0826ccb\" data-element_type=\"widget\" data-widget_type=\"button.default\">\n\t\t\t\t<div class=\"elementor-widget-container\">\n\t\t\t\t\t\t\t\t\t<div class=\"elementor-button-wrapper\">\n\t\t\t\t\t<a class=\"elementor-button elementor-button-link elementor-size-sm\" href=\"\/informatica\/novedades\" target=\"_blank\">\n\t\t\t\t\t\t<span class=\"elementor-button-content-wrapper\">\n\t\t\t\t\t\t\t\t\t<span class=\"elementor-button-text\">Ver todas las novedades<\/span>\n\t\t\t\t\t<\/span>\n\t\t\t\t\t<\/a>\n\t\t\t\t<\/div>\n\t\t\t\t\t\t\t\t<\/div>\n\t\t\t\t<\/div>\n\t\t\t\t<div class=\"elementor-element elementor-element-ea8c68b elementor-widget elementor-widget-spacer\" data-id=\"ea8c68b\" data-element_type=\"widget\" data-widget_type=\"spacer.default\">\n\t\t\t\t<div class=\"elementor-widget-container\">\n\t\t\t\t\t\t\t<div class=\"elementor-spacer\">\n\t\t\t<div class=\"elementor-spacer-inner\"><\/div>\n\t\t<\/div>\n\t\t\t\t\t\t<\/div>\n\t\t\t\t<\/div>\n\t\t\t\t\t<\/div>\n\t\t\t\t<\/div>\n\t\t\t\t<\/div>\n\t\t","protected":false},"excerpt":{"rendered":"<p>\/*! elementor &#8211; v3.20.0 &#8211; 13-03-2024 *\/ .elementor-heading-title{padding:0;margin:0;line-height:1}.elementor-widget-heading .elementor-heading-title[class*=elementor-size-]&gt;a{color:inherit;font-size:inherit;line-height:inherit}.elementor-widget-heading .elementor-heading-title.elementor-size-small{font-size:15px}.elementor-widget-heading .elementor-heading-title.elementor-size-medium{font-size:19px}.elementor-widget-heading .elementor-heading-title.elementor-size-large{font-size:29px}.elementor-widget-heading .elementor-heading-title.elementor-size-xl{font-size:39px}.elementor-widget-heading .elementor-heading-title.elementor-size-xxl{font-size:59px} M\u00f3dulo Ap\u00f3stoles La Universidad Nacional de Misiones (UNaM), a trav\u00e9s de la Facultad de Ciencias Exactas, Qu\u00edmicas y Naturales, ha sido pionera en la formaci\u00f3n inform\u00e1tica en el sur de la provincia. El M\u00f3dulo Ap\u00f3stoles, sede de esta iniciativa, naci\u00f3 en [&hellip;]<\/p>\n","protected":false},"author":1,"featured_media":0,"parent":0,"menu_order":0,"comment_status":"closed","ping_status":"closed","template":"","meta":{"footnotes":""},"class_list":["post-32","page","type-page","status-publish","hentry"],"_links":{"self":[{"href":"https:\/\/institucionales.fceqyn.unam.edu.ar\/informatica\/wp-json\/wp\/v2\/pages\/32","targetHints":{"allow":["GET"]}}],"collection":[{"href":"https:\/\/institucionales.fceqyn.unam.edu.ar\/informatica\/wp-json\/wp\/v2\/pages"}],"about":[{"href":"https:\/\/institucionales.fceqyn.unam.edu.ar\/informatica\/wp-json\/wp\/v2\/types\/page"}],"author":[{"embeddable":true,"href":"https:\/\/institucionales.fceqyn.unam.edu.ar\/informatica\/wp-json\/wp\/v2\/users\/1"}],"replies":[{"embeddable":true,"href":"https:\/\/institucionales.fceqyn.unam.edu.ar\/informatica\/wp-json\/wp\/v2\/comments?post=32"}],"version-history":[{"count":531,"href":"https:\/\/institucionales.fceqyn.unam.edu.ar\/informatica\/wp-json\/wp\/v2\/pages\/32\/revisions"}],"predecessor-version":[{"id":7408,"href":"https:\/\/institucionales.fceqyn.unam.edu.ar\/informatica\/wp-json\/wp\/v2\/pages\/32\/revisions\/7408"}],"wp:attachment":[{"href":"https:\/\/institucionales.fceqyn.unam.edu.ar\/informatica\/wp-json\/wp\/v2\/media?parent=32"}],"curies":[{"name":"wp","href":"https:\/\/api.w.org\/{rel}","templated":true}]}}