{"id":6360,"date":"2025-05-06T12:13:12","date_gmt":"2025-05-06T15:13:12","guid":{"rendered":"https:\/\/institucionales.fceqyn.unam.edu.ar\/informatica\/?page_id=6360"},"modified":"2025-05-09T13:55:08","modified_gmt":"2025-05-09T16:55:08","slug":"novedades","status":"publish","type":"page","link":"https:\/\/institucionales.fceqyn.unam.edu.ar\/informatica\/novedades\/","title":{"rendered":"Novedades"},"content":{"rendered":"\t\t<div data-elementor-type=\"wp-page\" data-elementor-id=\"6360\" class=\"elementor elementor-6360\" data-elementor-post-type=\"page\">\n\t\t\t\t<div class=\"elementor-element elementor-element-3e6adda4 e-flex e-con-boxed e-con e-parent\" data-id=\"3e6adda4\" data-element_type=\"container\">\n\t\t\t\t\t<div class=\"e-con-inner\">\n\t\t\t\t<div class=\"elementor-element elementor-element-7027a22 elementor-widget elementor-widget-heading\" data-id=\"7027a22\" data-element_type=\"widget\" data-widget_type=\"heading.default\">\n\t\t\t\t<div class=\"elementor-widget-container\">\n\t\t\t\t\t<h2 class=\"elementor-heading-title elementor-size-default\">NOVEDADES<\/h2>\t\t\t\t<\/div>\n\t\t\t\t<\/div>\n\t\t\t\t<div class=\"elementor-element elementor-element-4a98338a elementor-widget elementor-widget-spacer\" data-id=\"4a98338a\" data-element_type=\"widget\" data-widget_type=\"spacer.default\">\n\t\t\t\t<div class=\"elementor-widget-container\">\n\t\t\t\t\t\t\t<div class=\"elementor-spacer\">\n\t\t\t<div class=\"elementor-spacer-inner\"><\/div>\n\t\t<\/div>\n\t\t\t\t\t\t<\/div>\n\t\t\t\t<\/div>\n\t\t\t\t\t<\/div>\n\t\t\t\t<\/div>\n\t\t<div class=\"elementor-element elementor-element-95274dd e-flex e-con-boxed e-con e-parent\" data-id=\"95274dd\" data-element_type=\"container\">\n\t\t\t\t\t<div class=\"e-con-inner\">\n\t\t\t\t\t<\/div>\n\t\t\t\t<\/div>\n\t\t\t\t<\/div>\n\t\t","protected":false},"excerpt":{"rendered":"<p>NOVEDADES Jornada del Mate. Vol 1 El jueves 31 de octubre, en la antesala de la&nbsp; 46 Fiesta&#8230; Leer m\u00e1s Dia del Programador El D\u00eda del Programador busca reconocer el trabajo de los profesionales en&#8230; Leer m\u00e1s Entretejiendo puentes entre Universidad y Educaci\u00f3n Secundaria Durante mayo se realizaron las segundas jornadas del proyecto de extensi\u00f3n [&hellip;]<\/p>\n","protected":false},"author":1,"featured_media":0,"parent":0,"menu_order":0,"comment_status":"closed","ping_status":"closed","template":"","meta":{"footnotes":""},"class_list":["post-6360","page","type-page","status-publish","hentry"],"_links":{"self":[{"href":"https:\/\/institucionales.fceqyn.unam.edu.ar\/informatica\/wp-json\/wp\/v2\/pages\/6360","targetHints":{"allow":["GET"]}}],"collection":[{"href":"https:\/\/institucionales.fceqyn.unam.edu.ar\/informatica\/wp-json\/wp\/v2\/pages"}],"about":[{"href":"https:\/\/institucionales.fceqyn.unam.edu.ar\/informatica\/wp-json\/wp\/v2\/types\/page"}],"author":[{"embeddable":true,"href":"https:\/\/institucionales.fceqyn.unam.edu.ar\/informatica\/wp-json\/wp\/v2\/users\/1"}],"replies":[{"embeddable":true,"href":"https:\/\/institucionales.fceqyn.unam.edu.ar\/informatica\/wp-json\/wp\/v2\/comments?post=6360"}],"version-history":[{"count":31,"href":"https:\/\/institucionales.fceqyn.unam.edu.ar\/informatica\/wp-json\/wp\/v2\/pages\/6360\/revisions"}],"predecessor-version":[{"id":6823,"href":"https:\/\/institucionales.fceqyn.unam.edu.ar\/informatica\/wp-json\/wp\/v2\/pages\/6360\/revisions\/6823"}],"wp:attachment":[{"href":"https:\/\/institucionales.fceqyn.unam.edu.ar\/informatica\/wp-json\/wp\/v2\/media?parent=6360"}],"curies":[{"name":"wp","href":"https:\/\/api.w.org\/{rel}","templated":true}]}}