{"id":191,"date":"2023-08-15T09:01:00","date_gmt":"2023-08-15T12:01:00","guid":{"rendered":"https:\/\/institucionales.fceqyn.unam.edu.ar\/redine\/?page_id=191"},"modified":"2026-03-03T20:48:42","modified_gmt":"2026-03-03T23:48:42","slug":"voces-de-los-educadores","status":"publish","type":"page","link":"https:\/\/institucionales.fceqyn.unam.edu.ar\/redine\/voces-de-los-educadores\/","title":{"rendered":"Voces de los Educadores"},"content":{"rendered":"\t\t<div data-elementor-type=\"wp-page\" data-elementor-id=\"191\" class=\"elementor elementor-191\" data-elementor-post-type=\"page\">\n\t\t\t\t<div class=\"elementor-element elementor-element-9f73506 e-flex e-con-boxed e-con e-parent\" data-id=\"9f73506\" data-element_type=\"container\">\n\t\t\t\t\t<div class=\"e-con-inner\">\n\t\t\t\t<div class=\"elementor-element elementor-element-b1bfd34 elementor-widget elementor-widget-heading\" data-id=\"b1bfd34\" data-element_type=\"widget\" data-widget_type=\"heading.default\">\n\t\t\t\t<div class=\"elementor-widget-container\">\n\t\t\t\t\t<h2 class=\"elementor-heading-title elementor-size-default\">ISSN 3072-6778<\/h2>\t\t\t\t<\/div>\n\t\t\t\t<\/div>\n\t\t\t\t\t<\/div>\n\t\t\t\t<\/div>\n\t\t<div class=\"elementor-element elementor-element-add51c4 e-con-full e-flex e-con e-parent\" data-id=\"add51c4\" data-element_type=\"container\">\n\t\t\t\t<div class=\"elementor-element elementor-element-1f8a739 elementor-widget elementor-widget-heading\" data-id=\"1f8a739\" data-element_type=\"widget\" data-widget_type=\"heading.default\">\n\t\t\t\t<div class=\"elementor-widget-container\">\n\t\t\t\t\t<h2 class=\"elementor-heading-title elementor-size-default\">Escribir y Leer: Voces de los Educadores de Misiones-N\u00famero 3-2025<\/h2>\t\t\t\t<\/div>\n\t\t\t\t<\/div>\n\t\t\t\t<div class=\"elementor-element elementor-element-db09572 elementor-widget elementor-widget-embedpress_pdf\" data-id=\"db09572\" data-element_type=\"widget\" data-widget_type=\"embedpress_pdf.default\">\n\t\t\t\t<div class=\"elementor-widget-container\">\n\t\t\t\t\t    <div class=\"embedpress-document-embed ep-doc-724141af25e6f7967cf7af34f4ee7792 ose-document emebedpress-unit-percent \" data-thememode=\"default\" data-customcolor=\"\" data-toolbar=\"yes\" data-toolbar-position=\"top\" data-open=\"no\" data-presentation-mode=\"yes\" data-download=\"yes\" data-copy=\"yes\" data-add-image=\"yes\" data-rotate=\"yes\" data-details=\"yes\" data-id=\"embedpress-pdf-db09572\" data-selection-tool=\"0\" data-scrolling=\"0\" data-spreads=\"-1\" style=\" max-width:100%; display: inline-block\">\n\n        \n                <div >\n\n                    <div id=\"ep-elementor-content-db09572\" class=\"ep-elementor-content   ep-percentage-width   ep-content-protection-disabled\">\n                        <div id=\"db09572\" class=\"ep-embed-content-wraper\">\n                            <div><iframe title=\"Escribir y Leer-(3)-vol(3)-2025\" class=\"embedpress-embed-document-pdf embedpress-pdf-db09572\" style=\"width: 600%!important;height: 600px;; max-width:100%; display: inline-block\" src=\"https:\/\/institucionales.fceqyn.unam.edu.ar\/redine\/wp-admin\/admin-ajax.php?action=get_viewer&#038;file=https%3A%2F%2Finstitucionales.fceqyn.unam.edu.ar%2Fredine%2Fwp-content%2Fuploads%2Fsites%2F2%2F2025%2F12%2FEscribir-y-Leer-3-vol3-2025.pdf&#038;scrolling=0&#038;selection_tool=0&#038;spreads=-1#key=dGhlbWVNb2RlPWRlZmF1bHQmdG9vbGJhcj10cnVlJnBvc2l0aW9uPXRvcCZwcmVzZW50YXRpb249dHJ1ZSZsYXp5TG9hZD1mYWxzZSZkb3dubG9hZD10cnVlJmNvcHlfdGV4dD10cnVlJmFkZF90ZXh0PXRydWUmZHJhdz10cnVlJmFkZF9pbWFnZT10cnVlJnBkZl9yb3RhdGlvbj10cnVlJnBkZl9kZXRhaWxzPXRydWUmem9vbV9pbj10cnVlJnpvb21fb3V0PXRydWUmZml0X3ZpZXc9dHJ1ZSZib29rbWFyaz10cnVlJnNvdW5kPXRydWUmZmxpcGJvb2tfdG9vbGJhcl9wb3NpdGlvbj1ib3R0b20mc2VsZWN0aW9uX3Rvb2w9MCZzY3JvbGxpbmc9MCZzcHJlYWRzPS0xJmlzX3Byb19hY3RpdmU9MA==&#038;zoom=auto\" class=\"embedpress-embed-document-pdf embedpress-pdf-db09572\" data-emid=\"embedpress-pdf-db09572\" data-embed-type=\"PDF\" frameborder=\"0\"><\/iframe><\/div>                        <\/div>\n\n                    <\/div>\n\n\n                   \n                <\/div>\n            \n    <\/div>\n\n\t\t\t\t<\/div>\n\t\t\t\t<\/div>\n\t\t\t\t<div class=\"elementor-element elementor-element-2087570 elementor-widget elementor-widget-heading\" data-id=\"2087570\" data-element_type=\"widget\" data-widget_type=\"heading.default\">\n\t\t\t\t<div class=\"elementor-widget-container\">\n\t\t\t\t\t<h2 class=\"elementor-heading-title elementor-size-default\">Escribir y Leer: Voces de los Educadores de Misiones- N\u00famero 2-2024<\/h2>\t\t\t\t<\/div>\n\t\t\t\t<\/div>\n\t\t\t\t<div class=\"elementor-element elementor-element-89e7941 elementor-align-center elementor-widget elementor-widget-embedpress_pdf\" data-id=\"89e7941\" data-element_type=\"widget\" data-widget_type=\"embedpress_pdf.default\">\n\t\t\t\t<div class=\"elementor-widget-container\">\n\t\t\t\t\t    <div class=\"embedpress-document-embed ep-doc-18615fb01c9d884fbf6b41c5e73fb39a ose-document emebedpress-unit-px \" data-thememode=\"default\" data-customcolor=\"\" data-toolbar=\"yes\" data-toolbar-position=\"top\" data-open=\"no\" data-presentation-mode=\"yes\" data-download=\"yes\" data-copy=\"yes\" data-add-image=\"yes\" data-rotate=\"yes\" data-details=\"yes\" data-id=\"embedpress-pdf-89e7941\" data-selection-tool=\"0\" data-scrolling=\"0\" data-spreads=\"-1\" style=\" max-width:100%; display: inline-block\">\n\n        \n                <div >\n\n                    <div id=\"ep-elementor-content-89e7941\" class=\"ep-elementor-content  ep-fixed-width   ep-content-protection-disabled\">\n                        <div id=\"89e7941\" class=\"ep-embed-content-wraper\">\n                            <div><iframe title=\"Escribir y Leer-(2)-vol(2)-2024 (1) ISSN 3072-6778\" class=\"embedpress-embed-document-pdf embedpress-pdf-89e7941\" style=\"width: 688px!important;height: 872px;; max-width:100%; display: inline-block\" src=\"https:\/\/institucionales.fceqyn.unam.edu.ar\/redine\/wp-admin\/admin-ajax.php?action=get_viewer&#038;file=https%3A%2F%2Finstitucionales.fceqyn.unam.edu.ar%2Fredine%2Fwp-content%2Fuploads%2Fsites%2F2%2F2024%2F11%2FEscribir-y-Leer-2-vol2-2024-1-ISSN-3072-6778-1.pdf&#038;scrolling=0&#038;selection_tool=0&#038;spreads=-1#key=dGhlbWVNb2RlPWRlZmF1bHQmdG9vbGJhcj10cnVlJnBvc2l0aW9uPXRvcCZwcmVzZW50YXRpb249dHJ1ZSZsYXp5TG9hZD1mYWxzZSZkb3dubG9hZD10cnVlJmNvcHlfdGV4dD10cnVlJmFkZF90ZXh0PXRydWUmZHJhdz10cnVlJmFkZF9pbWFnZT10cnVlJnBkZl9yb3RhdGlvbj10cnVlJnBkZl9kZXRhaWxzPXRydWUmem9vbV9pbj10cnVlJnpvb21fb3V0PXRydWUmZml0X3ZpZXc9dHJ1ZSZib29rbWFyaz10cnVlJnNvdW5kPXRydWUmZmxpcGJvb2tfdG9vbGJhcl9wb3NpdGlvbj1ib3R0b20mc2VsZWN0aW9uX3Rvb2w9MCZzY3JvbGxpbmc9MCZzcHJlYWRzPS0xJmlzX3Byb19hY3RpdmU9MA==&#038;zoom=auto\" class=\"embedpress-embed-document-pdf embedpress-pdf-89e7941\" data-emid=\"embedpress-pdf-89e7941\" data-embed-type=\"PDF\" frameborder=\"0\"><\/iframe><\/div>                        <\/div>\n\n                    <\/div>\n\n\n                   \n                <\/div>\n            \n    <\/div>\n\n\t\t\t\t<\/div>\n\t\t\t\t<\/div>\n\t\t\t\t<\/div>\n\t\t<div class=\"elementor-element elementor-element-64d8bdd e-flex e-con-boxed e-con e-parent\" data-id=\"64d8bdd\" data-element_type=\"container\">\n\t\t\t\t\t<div class=\"e-con-inner\">\n\t\t\t\t<div class=\"elementor-element elementor-element-889d1d2 elementor-widget elementor-widget-heading\" data-id=\"889d1d2\" data-element_type=\"widget\" data-widget_type=\"heading.default\">\n\t\t\t\t<div class=\"elementor-widget-container\">\n\t\t\t\t\t<h2 class=\"elementor-heading-title elementor-size-default\">Escribir y Leer: Voces de los Educadores de Misiones- N\u00famero 1-2023<\/h2>\t\t\t\t<\/div>\n\t\t\t\t<\/div>\n\t\t\t\t\t<\/div>\n\t\t\t\t<\/div>\n\t\t<div class=\"elementor-element elementor-element-3574146 e-flex e-con-boxed e-con e-parent\" data-id=\"3574146\" data-element_type=\"container\">\n\t\t\t\t\t<div class=\"e-con-inner\">\n\t\t\t\t<div class=\"elementor-element elementor-element-0c55ee1 elementor-widget elementor-widget-button\" data-id=\"0c55ee1\" data-element_type=\"widget\" data-widget_type=\"button.default\">\n\t\t\t\t<div class=\"elementor-widget-container\">\n\t\t\t\t\t\t\t\t\t<div class=\"elementor-button-wrapper\">\n\t\t\t\t\t<a class=\"elementor-button elementor-button-link elementor-size-sm\" href=\"https:\/\/institucionales.fceqyn.unam.edu.ar\/redine\/wp-content\/uploads\/sites\/2\/2023\/08\/Escribir-y-leer-vol-1-abril2023.pdf\">\n\t\t\t\t\t\t<span class=\"elementor-button-content-wrapper\">\n\t\t\t\t\t\t\t\t\t<span class=\"elementor-button-text\">Descargar PDF<\/span>\n\t\t\t\t\t<\/span>\n\t\t\t\t\t<\/a>\n\t\t\t\t<\/div>\n\t\t\t\t\t\t\t\t<\/div>\n\t\t\t\t<\/div>\n\t\t\t\t\t<\/div>\n\t\t\t\t<\/div>\n\t\t\t\t<\/div>\n\t\t","protected":false},"excerpt":{"rendered":"<p>ISSN 3072-6778 Escribir y Leer: Voces de los Educadores de Misiones-N\u00famero 3-2025 Escribir y Leer: Voces de los Educadores de Misiones- N\u00famero 2-2024 Escribir y Leer: Voces de los Educadores de Misiones- N\u00famero 1-2023 Descargar PDF<\/p>\n","protected":false},"author":1,"featured_media":0,"parent":0,"menu_order":0,"comment_status":"closed","ping_status":"closed","template":"","meta":{"footnotes":""},"class_list":["post-191","page","type-page","status-publish","hentry"],"_links":{"self":[{"href":"https:\/\/institucionales.fceqyn.unam.edu.ar\/redine\/wp-json\/wp\/v2\/pages\/191","targetHints":{"allow":["GET"]}}],"collection":[{"href":"https:\/\/institucionales.fceqyn.unam.edu.ar\/redine\/wp-json\/wp\/v2\/pages"}],"about":[{"href":"https:\/\/institucionales.fceqyn.unam.edu.ar\/redine\/wp-json\/wp\/v2\/types\/page"}],"author":[{"embeddable":true,"href":"https:\/\/institucionales.fceqyn.unam.edu.ar\/redine\/wp-json\/wp\/v2\/users\/1"}],"replies":[{"embeddable":true,"href":"https:\/\/institucionales.fceqyn.unam.edu.ar\/redine\/wp-json\/wp\/v2\/comments?post=191"}],"version-history":[{"count":55,"href":"https:\/\/institucionales.fceqyn.unam.edu.ar\/redine\/wp-json\/wp\/v2\/pages\/191\/revisions"}],"predecessor-version":[{"id":388,"href":"https:\/\/institucionales.fceqyn.unam.edu.ar\/redine\/wp-json\/wp\/v2\/pages\/191\/revisions\/388"}],"wp:attachment":[{"href":"https:\/\/institucionales.fceqyn.unam.edu.ar\/redine\/wp-json\/wp\/v2\/media?parent=191"}],"curies":[{"name":"wp","href":"https:\/\/api.w.org\/{rel}","templated":true}]}}