{"id":55,"date":"2023-06-21T11:28:43","date_gmt":"2023-06-21T14:28:43","guid":{"rendered":"https:\/\/institucionales.fceqyn.unam.edu.ar\/redine\/?page_id=55"},"modified":"2023-06-21T12:21:07","modified_gmt":"2023-06-21T15:21:07","slug":"viii-encuentro-nacional-del-colectivo-argentino-de-educadoras-y-educadores-que-hacen-investigacion-desde-la-escuela","status":"publish","type":"page","link":"https:\/\/institucionales.fceqyn.unam.edu.ar\/redine\/viii-encuentro-nacional-del-colectivo-argentino-de-educadoras-y-educadores-que-hacen-investigacion-desde-la-escuela\/","title":{"rendered":"VIII Encuentro Nacional del Colectivo Argentino de Educadoras y Educadores que Hacen Investigaci\u00f3n desde la Escuela"},"content":{"rendered":"\t\t<div data-elementor-type=\"wp-page\" data-elementor-id=\"55\" class=\"elementor elementor-55\" data-elementor-post-type=\"page\">\n\t\t\t\t<div class=\"elementor-element elementor-element-a88c6a4 e-flex e-con-boxed e-con e-parent\" data-id=\"a88c6a4\" data-element_type=\"container\">\n\t\t\t\t\t<div class=\"e-con-inner\">\n\t\t\t\t<div class=\"elementor-element elementor-element-101fedd elementor-widget elementor-widget-text-editor\" data-id=\"101fedd\" data-element_type=\"widget\" data-widget_type=\"text-editor.default\">\n\t\t\t\t<div class=\"elementor-widget-container\">\n\t\t\t\t\t\t\t\t\t<p>El mayor encuentro que nos convoca este a\u00f1o es el<\/p><p><img fetchpriority=\"high\" decoding=\"async\" class=\"aligncenter\" src=\"http:\/\/www.fceqyn.unam.edu.ar\/redine\/images\/stories\/Nacional(1).jpg\" alt=\"\" width=\"631\" height=\"227\" \/><\/p><p>Aqu\u00ed les dejamos la\u00a0<a href=\"http:\/\/institucionales.fceqyn.unam.edu.ar\/redine\/wp-content\/uploads\/sites\/2\/2023\/06\/CIRCULAR-No-1-VIII-ENCUENTRO-NACIONAL-COLECTIVO-JUJUY-2015-.pdf\">Circular N\u00ba 1<\/a> de dicho encuentro, en la cual podr\u00e1n acceder a mayor informaci\u00f3n sobre las redes convocantes, los destinatarios y las normas de participaci\u00f3n al mismo.<\/p><p>Tambi\u00e9n les dejamos la\u00a0<a href=\"http:\/\/institucionales.fceqyn.unam.edu.ar\/redine\/wp-content\/uploads\/sites\/2\/2023\/06\/FICHA-DE-INSCRIPCION-VIII-ENCUENTRO-NACIONAL-COLECTIVO-2015.doc\">Ficha de Inscripci\u00f3n<\/a> a dicho encuentro.<\/p>\t\t\t\t\t\t\t\t<\/div>\n\t\t\t\t<\/div>\n\t\t\t\t\t<\/div>\n\t\t\t\t<\/div>\n\t\t\t\t<\/div>\n\t\t","protected":false},"excerpt":{"rendered":"<p>El mayor encuentro que nos convoca este a\u00f1o es el Aqu\u00ed les dejamos la\u00a0Circular N\u00ba 1 de dicho encuentro, en la cual podr\u00e1n acceder a mayor informaci\u00f3n sobre las redes convocantes, los destinatarios y las normas de participaci\u00f3n al mismo. Tambi\u00e9n les dejamos la\u00a0Ficha de Inscripci\u00f3n a dicho encuentro.<\/p>\n","protected":false},"author":1,"featured_media":0,"parent":0,"menu_order":0,"comment_status":"closed","ping_status":"closed","template":"","meta":{"footnotes":""},"class_list":["post-55","page","type-page","status-publish","hentry"],"_links":{"self":[{"href":"https:\/\/institucionales.fceqyn.unam.edu.ar\/redine\/wp-json\/wp\/v2\/pages\/55","targetHints":{"allow":["GET"]}}],"collection":[{"href":"https:\/\/institucionales.fceqyn.unam.edu.ar\/redine\/wp-json\/wp\/v2\/pages"}],"about":[{"href":"https:\/\/institucionales.fceqyn.unam.edu.ar\/redine\/wp-json\/wp\/v2\/types\/page"}],"author":[{"embeddable":true,"href":"https:\/\/institucionales.fceqyn.unam.edu.ar\/redine\/wp-json\/wp\/v2\/users\/1"}],"replies":[{"embeddable":true,"href":"https:\/\/institucionales.fceqyn.unam.edu.ar\/redine\/wp-json\/wp\/v2\/comments?post=55"}],"version-history":[{"count":8,"href":"https:\/\/institucionales.fceqyn.unam.edu.ar\/redine\/wp-json\/wp\/v2\/pages\/55\/revisions"}],"predecessor-version":[{"id":350,"href":"https:\/\/institucionales.fceqyn.unam.edu.ar\/redine\/wp-json\/wp\/v2\/pages\/55\/revisions\/350"}],"wp:attachment":[{"href":"https:\/\/institucionales.fceqyn.unam.edu.ar\/redine\/wp-json\/wp\/v2\/media?parent=55"}],"curies":[{"name":"wp","href":"https:\/\/api.w.org\/{rel}","templated":true}]}}